{"id":2048,"date":"2025-08-07T17:14:11","date_gmt":"2025-08-07T16:14:11","guid":{"rendered":"https:\/\/harialanzarote.com\/?page_id=2048"},"modified":"2025-08-16T08:58:05","modified_gmt":"2025-08-16T07:58:05","slug":"credits","status":"publish","type":"page","link":"https:\/\/harialanzarote.com\/es\/credits\/","title":{"rendered":"Cr\u00e9ditos"},"content":{"rendered":"<p>El Coraz\u00f3n Verde de Har\u00eda es un santuario de vida silvestre y un proyecto ecol\u00f3gico creado por el cient\u00edfico brit\u00e1nico David Riebold (licenciatura, m\u00e1ster y m\u00e1ster en educaci\u00f3n). Este sitio web fue escrito por David y su difunta esposa Birgit.<\/p>\n\n\n\n<p>El sitio web fue actualizado en 2025 por el artista-investigador <a href=\"https:\/\/www.clarecarter.co.uk\" data-type=\"link\" data-id=\"https:\/\/www.clarecarter.co.uk\">Clare Carter Osborne<\/a> como parte de un proyecto de investigaci\u00f3n apoyado por <a href=\"https:\/\/wrocah.ac.uk\" data-type=\"link\" data-id=\"https:\/\/wrocah.ac.uk\">WRoCAH<\/a> (financiado por el <a href=\"https:\/\/www.ukri.org\/councils\/ahrc\/\" data-type=\"link\" data-id=\"https:\/\/www.ukri.org\/councils\/ahrc\/\">Arts &amp; Humanities Research Council UK<\/a>). Adem\u00e1s de actualizar el sitio web existente, <a href=\"https:\/\/www.clarecarter.co.uk\" data-type=\"link\" data-id=\"https:\/\/www.clarecarter.co.uk\">Clare Carter Osborne<\/a> dedic\u00f3 4 meses a cartografiar el jard\u00edn, fotografiar, documentar e investigar todas las especies existentes en el recinto, con el objetivo de crear un repositorio digital de informaci\u00f3n sobre las especies end\u00e9micas y aut\u00f3ctonas de Lanzarote que se encuentran protegidas aqu\u00ed dentro del Coraz\u00f3n Verde de Har\u00eda.<\/p>\n\n\n\n<p>El <a href=\"https:\/\/harialanzarote.com\/garden-2\/garden-map\/\" data-type=\"link\" data-id=\"https:\/\/harialanzarote.com\/garden-2\/garden-map\/\">mapa digital del jard\u00edn<\/a> y el sitio web fue dise\u00f1ado por <a href=\"https:\/\/www.clarecarter.co.uk\" data-type=\"link\" data-id=\"https:\/\/www.clarecarter.co.uk\">Clare Carter Osborne<\/a> con el apoyo t\u00e9cnico de David Henderson.<\/p>\n\n\n\n<p>Fotograf\u00edas de <a href=\"https:\/\/www.clarecarter.co.uk\" data-type=\"link\" data-id=\"https:\/\/www.clarecarter.co.uk\">Clare Carter Osborne<\/a>, David Riebold y <a href=\"https:\/\/guillermorodriguez.com\" data-type=\"link\" data-id=\"https:\/\/guillermorodriguez.com\">Guillermo Rodriguez<\/a>.<\/p>\n\n\n\n<p>V\u00eddeo \u2018Al Charquito\u2019 de <a href=\"http:\/\/www.stonebalance.com\" data-type=\"link\" data-id=\"http:\/\/www.stonebalance.com\">Matthew Scott<\/a>.<\/p>","protected":false},"excerpt":{"rendered":"<p>The Green Heart of Har\u00eda is a wildlife sanctuary and ecological project created by British scientist David Riebold (BA, MSc, MEd). This website was written by David and his late wife Birgit. The website was updated in 2025 by artist-researcher Clare Carter Osborne as part of a research project supported by WRoCAH (funded by the [&hellip;]<\/p>\n","protected":false},"author":2,"featured_media":0,"parent":0,"menu_order":0,"comment_status":"closed","ping_status":"closed","template":"","meta":{"footnotes":""},"class_list":["post-2048","page","type-page","status-publish","hentry"],"_links":{"self":[{"href":"https:\/\/harialanzarote.com\/es\/wp-json\/wp\/v2\/pages\/2048","targetHints":{"allow":["GET"]}}],"collection":[{"href":"https:\/\/harialanzarote.com\/es\/wp-json\/wp\/v2\/pages"}],"about":[{"href":"https:\/\/harialanzarote.com\/es\/wp-json\/wp\/v2\/types\/page"}],"author":[{"embeddable":true,"href":"https:\/\/harialanzarote.com\/es\/wp-json\/wp\/v2\/users\/2"}],"replies":[{"embeddable":true,"href":"https:\/\/harialanzarote.com\/es\/wp-json\/wp\/v2\/comments?post=2048"}],"version-history":[{"count":4,"href":"https:\/\/harialanzarote.com\/es\/wp-json\/wp\/v2\/pages\/2048\/revisions"}],"predecessor-version":[{"id":2090,"href":"https:\/\/harialanzarote.com\/es\/wp-json\/wp\/v2\/pages\/2048\/revisions\/2090"}],"wp:attachment":[{"href":"https:\/\/harialanzarote.com\/es\/wp-json\/wp\/v2\/media?parent=2048"}],"curies":[{"name":"wp","href":"https:\/\/api.w.org\/{rel}","templated":true}]}}