{"id":1912,"date":"2025-08-04T13:34:50","date_gmt":"2025-08-04T12:34:50","guid":{"rendered":"https:\/\/harialanzarote.com\/?page_id=1912"},"modified":"2025-08-15T10:54:51","modified_gmt":"2025-08-15T09:54:51","slug":"endemic-to-canary-islands","status":"publish","type":"page","link":"https:\/\/harialanzarote.com\/es\/garden-2\/species-of-flora\/endemic-to-canary-islands\/","title":{"rendered":"End\u00e9mica de las Islas Canarias"},"content":{"rendered":"<p>Estas especies de flora se pueden ubicar dentro del jard\u00edn utilizando el <a href=\"https:\/\/harialanzarote.com\/garden-2\/garden-map\/\" data-type=\"link\" data-id=\"https:\/\/harialanzarote.com\/garden-2\/garden-map\/\">mapa interactivo<\/a>.<\/p>\n\n\n\n<p><a href=\"https:\/\/harialanzarote.com\/garden-2\/species-of-flora\/17-romero-marino-campylanthus-salsoloides-l-fil-roth\/\" data-type=\"page\" data-id=\"1350\">17. Romero marino (Campylanthus salsoloides (L. fil.) Roth)<\/a><\/p>\n\n\n\n<p><a href=\"https:\/\/harialanzarote.com\/garden-2\/species-of-flora\/endemic-to-canary-islands\/18-acebuche-olea-cerasiformis-rivas-mart-del-arco\/\" data-type=\"page\" data-id=\"1353\">18. Acebuche (Olea cerasiformis Rivas-Mart. &amp; del Arco)<\/a><\/p>\n\n\n\n<p><a href=\"https:\/\/harialanzarote.com\/garden-2\/species-of-flora\/endemic-to-canary-islands\/19-lagrimas-de-virgen-pancratium-canariense-ker-gawl\/\" data-type=\"page\" data-id=\"1357\">19. L\u00e1grimas de virgen (Pancratium canariense Ker.-Gawl.)<\/a><\/p>\n\n\n\n<p><a href=\"https:\/\/harialanzarote.com\/garden-2\/species-of-flora\/endemic-to-canary-islands\/20-palmera-canaria-phoenix-canariensis-chab\/\" data-type=\"page\" data-id=\"1361\">20. Palmera canaria (Phoenix canariensis Chab.)&nbsp;<\/a><\/p>\n\n\n\n<p><a href=\"https:\/\/harialanzarote.com\/garden-2\/species-of-flora\/21-cardon-euphorbia-canariensis\/\" data-type=\"page\" data-id=\"1364\">21. Card\u00f3n (Euphorbia canariensis)<\/a><\/p>\n\n\n\n<p><a href=\"https:\/\/harialanzarote.com\/garden-2\/species-of-flora\/endemic-to-canary-islands\/22-matorrisco-comun-lavandula-canariensis-mill\/\" data-type=\"page\" data-id=\"1367\">22. Matorrisco com\u00fan (Lavandula canariensis Mill.)<\/a><\/p>\n\n\n\n<p><a href=\"https:\/\/harialanzarote.com\/garden-2\/species-of-flora\/endemic-to-canary-islands\/23-verol-kleinia-neriifolia-haw\/\" data-type=\"page\" data-id=\"1370\">23. Verol (Kleinia neriifolia Haw.)<\/a><\/p>\n\n\n\n<p><a href=\"https:\/\/harialanzarote.com\/garden-2\/species-of-flora\/endemic-to-canary-islands\/24-duraznillo-ceballosia-fruticosa-l-fil-kunkel\/\" data-type=\"page\" data-id=\"1373\">24. Duraznillo (Ceballosia fruticosa (L. fil.) Kunkel)<\/a><\/p>\n\n\n\n<p><a href=\"https:\/\/harialanzarote.com\/garden-2\/species-of-flora\/endemic-to-canary-islands\/25-guaydil-convolvulus-floridus-l-fil\/\" data-type=\"page\" data-id=\"1376\">25. Guaydil (Convolvulus floridus L. fil.)<\/a><\/p>\n\n\n\n<p><a href=\"https:\/\/harialanzarote.com\/garden-2\/species-of-flora\/endemic-to-canary-islands\/26-salvia-canaria-salvia-canariensis-l\/\" data-type=\"page\" data-id=\"1380\">26. Salvia canaria (Salvia canariensis L.)<\/a><\/p>\n\n\n\n<p><a href=\"https:\/\/harialanzarote.com\/garden-2\/species-of-flora\/endemic-to-canary-islands\/27-mostacilla-lobularia-canariensis-dc-l-borgen-subsp-marginata-webb-l-borgen\/\" data-type=\"page\" data-id=\"1383\">27. Mostacilla (Lobularia canariensis (DC.) L. Borgen subsp. marginata (Webb) L. Borgen)<\/a><\/p>\n\n\n\n<p><a href=\"https:\/\/harialanzarote.com\/garden-2\/species-of-flora\/endemic-to-canary-islands\/28-esparragon-asparagus-arborescens-willd-ex-schult-schult-f\/\" data-type=\"page\" data-id=\"1388\">28. Esparrag\u00f3n (Asparagus arborescens Willd. ex Schult. &amp; Schult.f.)<\/a><\/p>\n\n\n\n<p><a href=\"https:\/\/harialanzarote.com\/garden-2\/species-of-flora\/endemic-to-canary-islands\/29-tarajal-tamarix-canariensis-willd\/\" data-type=\"page\" data-id=\"1391\">29. Tarajal (Tamarix canariensis Willd.)<\/a><\/p>","protected":false},"excerpt":{"rendered":"<p>These species of flora can be located within the garden using the interactive map. 17. Romero marino (Campylanthus salsoloides (L. fil.) Roth) 18. Acebuche (Olea cerasiformis Rivas-Mart. &amp; del Arco) 19. L\u00e1grimas de virgen (Pancratium canariense Ker.-Gawl.) 20. Palmera canaria (Phoenix canariensis Chab.)&nbsp; 21. Card\u00f3n (Euphorbia canariensis) 22. Matorrisco com\u00fan (Lavandula canariensis Mill.) 23. Verol [&hellip;]<\/p>\n","protected":false},"author":2,"featured_media":1956,"parent":1281,"menu_order":0,"comment_status":"closed","ping_status":"closed","template":"","meta":{"footnotes":""},"class_list":["post-1912","page","type-page","status-publish","has-post-thumbnail","hentry"],"_links":{"self":[{"href":"https:\/\/harialanzarote.com\/es\/wp-json\/wp\/v2\/pages\/1912","targetHints":{"allow":["GET"]}}],"collection":[{"href":"https:\/\/harialanzarote.com\/es\/wp-json\/wp\/v2\/pages"}],"about":[{"href":"https:\/\/harialanzarote.com\/es\/wp-json\/wp\/v2\/types\/page"}],"author":[{"embeddable":true,"href":"https:\/\/harialanzarote.com\/es\/wp-json\/wp\/v2\/users\/2"}],"replies":[{"embeddable":true,"href":"https:\/\/harialanzarote.com\/es\/wp-json\/wp\/v2\/comments?post=1912"}],"version-history":[{"count":12,"href":"https:\/\/harialanzarote.com\/es\/wp-json\/wp\/v2\/pages\/1912\/revisions"}],"predecessor-version":[{"id":2074,"href":"https:\/\/harialanzarote.com\/es\/wp-json\/wp\/v2\/pages\/1912\/revisions\/2074"}],"up":[{"embeddable":true,"href":"https:\/\/harialanzarote.com\/es\/wp-json\/wp\/v2\/pages\/1281"}],"wp:featuredmedia":[{"embeddable":true,"href":"https:\/\/harialanzarote.com\/es\/wp-json\/wp\/v2\/media\/1956"}],"wp:attachment":[{"href":"https:\/\/harialanzarote.com\/es\/wp-json\/wp\/v2\/media?parent=1912"}],"curies":[{"name":"wp","href":"https:\/\/api.w.org\/{rel}","templated":true}]}}