{"id":1904,"date":"2025-08-04T13:25:13","date_gmt":"2025-08-04T12:25:13","guid":{"rendered":"https:\/\/harialanzarote.com\/?page_id=1904"},"modified":"2025-08-15T10:58:00","modified_gmt":"2025-08-15T09:58:00","slug":"endemic-to-lanzarote-fuerteventura","status":"publish","type":"page","link":"https:\/\/harialanzarote.com\/es\/garden-2\/species-of-flora\/endemic-to-lanzarote-fuerteventura\/","title":{"rendered":"End\u00e9mico de Lanzarote y Fuerteventura"},"content":{"rendered":"<p>Estas especies de flora se pueden ubicar dentro del jard\u00edn utilizando el<a href=\"https:\/\/harialanzarote.com\/garden-2\/garden-map\/\" data-type=\"link\" data-id=\"https:\/\/harialanzarote.com\/garden-2\/garden-map\/\"> mapa interactivo<\/a>.<\/p>\n\n\n\n<p><a href=\"https:\/\/harialanzarote.com\/garden-2\/species-of-flora\/9-siempreviva-limonium-bourgeaui-webb-ex-boiss-kuntze\/\" data-type=\"page\" data-id=\"1316\">9. Siempreviva (Limonium bourgeaui (Webb ex Boiss.) Kuntze)<\/a><\/p>\n\n\n\n<p><a href=\"https:\/\/harialanzarote.com\/garden-2\/species-of-flora\/10-esparraguera-majorera-asparagus-nesiotes-svent-subsp-purpuriensis-marrero-et-ramos\/\" data-type=\"page\" data-id=\"1319\">10. Esparraguera majorera (Asparagus nesiotes Svent. subsp. purpuriensis Marrero et Ramos)<\/a><\/p>\n\n\n\n<p><a href=\"https:\/\/harialanzarote.com\/garden-2\/species-of-flora\/endemic-to-lanzarote-fuerteventura\/11-cerrajon-de-risco-sonchus-pinnatifidus-cav-var-pinnatifidus-var-integrifolius-g-kunkel\/\" data-type=\"page\" data-id=\"1332\">11. Cerraj\u00f3n de risco (Sonchus pinnatifidus Cav.var. pinnatifidus var. integrifolius G. Kunkel)<\/a><\/p>\n\n\n\n<p><a href=\"https:\/\/harialanzarote.com\/garden-2\/species-of-flora\/12-anis-de-jandia-bupleurum-handiense-bolle-g-kunkel\/\" data-type=\"page\" data-id=\"1335\">12. An\u00eds de Jand\u00eda (Bupleurum handiense (Bolle) G. Kunkel)&nbsp;<\/a><\/p>\n\n\n\n<p><a href=\"https:\/\/harialanzarote.com\/garden-2\/species-of-flora\/13-peorrera-andryala-perezii-m-z-ferreira-r-jardim-alv-fern-m-seq\/\" data-type=\"page\" data-id=\"1338\">13. Peorrera (Andryala perezii M.Z.Ferreira, R.Jardim, Alv.Fern. &amp; M.Seq.)<\/a><\/p>\n\n\n\n<p><a href=\"https:\/\/harialanzarote.com\/garden-2\/species-of-flora\/14-famara-taginaste-echium-famarae-lems-holzapfel-subsp-purpuriense\/\" data-type=\"page\" data-id=\"1341\">14. Famara Taginaste (Echium famarae Lems &amp; Holzapfel subsp. purpuriense)<\/a><\/p>\n\n\n\n<p><a href=\"https:\/\/harialanzarote.com\/garden-2\/species-of-flora\/15-yerba-mua-corazoncillo-de-lanzarote-lotus-lancerottensis-webb-berthel\/\" data-type=\"page\" data-id=\"1344\">15. Yerba m\u00faa \/ Corazoncillo de Lanzarote (Lotus lancerottensis Webb &amp;&nbsp;Berthel)<\/a><\/p>\n\n\n\n<p><a href=\"https:\/\/harialanzarote.com\/garden-2\/species-of-flora\/16-cuernua-colmillo-de-perro-apteranthes-burchardii-n-e-br-plowes-subsp-burchardii\/\" data-type=\"page\" data-id=\"1347\">16. Cuern\u00faa \/ Colmillo de Perro (Apteranthes burchardii (N.E.Br) Plowes subsp. burchardii)<\/a><\/p>","protected":false},"excerpt":{"rendered":"<p>These species of flora can be located within the garden using the interactive map. 9. Siempreviva (Limonium bourgeaui (Webb ex Boiss.) Kuntze) 10. Esparraguera majorera (Asparagus nesiotes Svent. subsp. purpuriensis Marrero et Ramos) 11. Cerraj\u00f3n de risco (Sonchus pinnatifidus Cav.var. pinnatifidus var. integrifolius G. Kunkel) 12. An\u00eds de Jand\u00eda (Bupleurum handiense (Bolle) G. Kunkel)&nbsp; 13. [&hellip;]<\/p>\n","protected":false},"author":2,"featured_media":1955,"parent":1281,"menu_order":0,"comment_status":"closed","ping_status":"closed","template":"","meta":{"footnotes":""},"class_list":["post-1904","page","type-page","status-publish","has-post-thumbnail","hentry"],"_links":{"self":[{"href":"https:\/\/harialanzarote.com\/es\/wp-json\/wp\/v2\/pages\/1904","targetHints":{"allow":["GET"]}}],"collection":[{"href":"https:\/\/harialanzarote.com\/es\/wp-json\/wp\/v2\/pages"}],"about":[{"href":"https:\/\/harialanzarote.com\/es\/wp-json\/wp\/v2\/types\/page"}],"author":[{"embeddable":true,"href":"https:\/\/harialanzarote.com\/es\/wp-json\/wp\/v2\/users\/2"}],"replies":[{"embeddable":true,"href":"https:\/\/harialanzarote.com\/es\/wp-json\/wp\/v2\/comments?post=1904"}],"version-history":[{"count":8,"href":"https:\/\/harialanzarote.com\/es\/wp-json\/wp\/v2\/pages\/1904\/revisions"}],"predecessor-version":[{"id":2076,"href":"https:\/\/harialanzarote.com\/es\/wp-json\/wp\/v2\/pages\/1904\/revisions\/2076"}],"up":[{"embeddable":true,"href":"https:\/\/harialanzarote.com\/es\/wp-json\/wp\/v2\/pages\/1281"}],"wp:featuredmedia":[{"embeddable":true,"href":"https:\/\/harialanzarote.com\/es\/wp-json\/wp\/v2\/media\/1955"}],"wp:attachment":[{"href":"https:\/\/harialanzarote.com\/es\/wp-json\/wp\/v2\/media?parent=1904"}],"curies":[{"name":"wp","href":"https:\/\/api.w.org\/{rel}","templated":true}]}}