{"id":1880,"date":"2025-08-04T12:39:31","date_gmt":"2025-08-04T11:39:31","guid":{"rendered":"https:\/\/harialanzarote.com\/?page_id=1880"},"modified":"2025-08-15T10:56:44","modified_gmt":"2025-08-15T09:56:44","slug":"endemic-to-lanzarote","status":"publish","type":"page","link":"https:\/\/harialanzarote.com\/es\/garden-2\/species-of-flora\/endemic-to-lanzarote\/","title":{"rendered":"End\u00e9mico de Lanzarote"},"content":{"rendered":"<p>Estas especies de flora se pueden ubicar dentro del jard\u00edn utilizando el <a href=\"https:\/\/harialanzarote.com\/garden-2\/garden-map\/\" data-type=\"link\" data-id=\"https:\/\/harialanzarote.com\/garden-2\/garden-map\/\">mapa interactivo<\/a>.<\/p>\n\n\n\n<p><a href=\"https:\/\/harialanzarote.com\/garden-2\/species-of-flora\/1-bejeque-farrobo-aeonium-balsamiferum-webb-berthel\/\" data-type=\"page\" data-id=\"1283\">1. Bejeque farrobo (Aeonium balsamiferum Webb &amp; Berthel)<\/a><\/p>\n\n\n\n<p><a href=\"https:\/\/harialanzarote.com\/garden-2\/species-of-flora\/2-bejeque-de-malpais-aeonium-lancerottense-praeger\/\" data-type=\"page\" data-id=\"1291\">2. Bejeque de malpa\u00eds (Aeonium lancerottense (Praeger))<\/a><\/p>\n\n\n\n<p><a href=\"https:\/\/harialanzarote.com\/garden-2\/species-of-flora\/3-correguelon-de-famara-convolvulus-lopezsocasi-svent\/\" data-type=\"page\" data-id=\"1293\">3. Correg\u00fcel\u00f3n de famara (Convolvulus lopezsocasi Svent.)&nbsp;<\/a><\/p>\n\n\n\n<p><a href=\"https:\/\/harialanzarote.com\/garden-2\/species-of-flora\/4-margarita-de-famara-argyranthemum-maderense-d-don-humphries\/\" data-type=\"page\" data-id=\"1298\">4. Margarita de famara (Argyranthemum maderense (D. Don) Humphries)<\/a><\/p>\n\n\n\n<p><a href=\"https:\/\/harialanzarote.com\/garden-2\/species-of-flora\/5-pulguera-pulicaria-purpuraria-pulicaria-canariensis-bolle-subsp-lanata\/\" data-type=\"page\" data-id=\"1301\">5. Pulguera\/Pulicaria purpuraria (Pulicaria canariensis Bolle subsp.lanata)<\/a><\/p>\n\n\n\n<p><a href=\"https:\/\/harialanzarote.com\/garden-2\/species-of-flora\/6-matorrisco-de-lanzarote-lavandula-pinnata-l-fil\/\" data-type=\"page\" data-id=\"1304\">6. Matorrisco de Lanzarote (Lavandula pinnata L. fil.)<\/a><\/p>\n\n\n\n<p><a href=\"https:\/\/harialanzarote.com\/garden-2\/species-of-flora\/7-tojia-amarilla-asteriscus-intermedius-dc-pit-proust\/\" data-type=\"page\" data-id=\"1307\">7. Tojia amarilla (Asteriscus intermedius (DC.) Pit. &amp; Proust)<\/a><\/p>\n\n\n\n<p><a href=\"https:\/\/harialanzarote.com\/garden-2\/species-of-flora\/7b-tojia-blanca-asteriscus-schultzii-bolle-pit-proust\/\" data-type=\"page\" data-id=\"1310\">7b. Tojia blanca (Asteriscus schultzii (Bolle) Pit. &amp; Proust)<\/a><\/p>\n\n\n\n<p><a href=\"https:\/\/harialanzarote.com\/garden-2\/species-of-flora\/8-pinamar-mayor-atractylis-arbuscula-svent-michaelis\/\" data-type=\"page\" data-id=\"1313\">8. Pi\u00f1amar mayor (Atractylis arbuscula Svent. &amp; Michaelis)<\/a><\/p>","protected":false},"excerpt":{"rendered":"<p>These species of flora can be located within the garden using the interactive map. 1. Bejeque farrobo (Aeonium balsamiferum Webb &amp; Berthel) 2. Bejeque de malpa\u00eds (Aeonium lancerottense (Praeger)) 3. Correg\u00fcel\u00f3n de famara (Convolvulus lopezsocasi Svent.)&nbsp; 4. Margarita de famara (Argyranthemum maderense (D. Don) Humphries) 5. Pulguera\/Pulicaria purpuraria (Pulicaria canariensis Bolle subsp.lanata) 6. Matorrisco de [&hellip;]<\/p>\n","protected":false},"author":2,"featured_media":1954,"parent":1281,"menu_order":0,"comment_status":"closed","ping_status":"closed","template":"","meta":{"footnotes":""},"class_list":["post-1880","page","type-page","status-publish","has-post-thumbnail","hentry"],"_links":{"self":[{"href":"https:\/\/harialanzarote.com\/es\/wp-json\/wp\/v2\/pages\/1880","targetHints":{"allow":["GET"]}}],"collection":[{"href":"https:\/\/harialanzarote.com\/es\/wp-json\/wp\/v2\/pages"}],"about":[{"href":"https:\/\/harialanzarote.com\/es\/wp-json\/wp\/v2\/types\/page"}],"author":[{"embeddable":true,"href":"https:\/\/harialanzarote.com\/es\/wp-json\/wp\/v2\/users\/2"}],"replies":[{"embeddable":true,"href":"https:\/\/harialanzarote.com\/es\/wp-json\/wp\/v2\/comments?post=1880"}],"version-history":[{"count":4,"href":"https:\/\/harialanzarote.com\/es\/wp-json\/wp\/v2\/pages\/1880\/revisions"}],"predecessor-version":[{"id":2075,"href":"https:\/\/harialanzarote.com\/es\/wp-json\/wp\/v2\/pages\/1880\/revisions\/2075"}],"up":[{"embeddable":true,"href":"https:\/\/harialanzarote.com\/es\/wp-json\/wp\/v2\/pages\/1281"}],"wp:featuredmedia":[{"embeddable":true,"href":"https:\/\/harialanzarote.com\/es\/wp-json\/wp\/v2\/media\/1954"}],"wp:attachment":[{"href":"https:\/\/harialanzarote.com\/es\/wp-json\/wp\/v2\/media?parent=1880"}],"curies":[{"name":"wp","href":"https:\/\/api.w.org\/{rel}","templated":true}]}}