{"id":1803,"date":"2025-08-02T12:30:15","date_gmt":"2025-08-02T11:30:15","guid":{"rendered":"https:\/\/harialanzarote.com\/?page_id=1803"},"modified":"2025-08-16T12:10:40","modified_gmt":"2025-08-16T11:10:40","slug":"home-new","status":"publish","type":"page","link":"https:\/\/harialanzarote.com\/es\/","title":{"rendered":"Home new"},"content":{"rendered":"<div class=\"wp-block-cover alignfull\" style=\"margin-top:0;margin-bottom:0;padding-top:0;padding-bottom:0;min-height:1416px;aspect-ratio:unset;\"><img loading=\"lazy\" decoding=\"async\" width=\"1024\" height=\"980\" class=\"wp-block-cover__image-background wp-image-1804 size-large\" alt=\"\" src=\"https:\/\/harialanzarote.com\/wp-content\/uploads\/2025\/08\/haria_cover_new1-1024x980.jpg\" data-object-fit=\"cover\" srcset=\"https:\/\/harialanzarote.com\/wp-content\/uploads\/2025\/08\/haria_cover_new1-1024x980.jpg 1024w, https:\/\/harialanzarote.com\/wp-content\/uploads\/2025\/08\/haria_cover_new1-300x287.jpg 300w, https:\/\/harialanzarote.com\/wp-content\/uploads\/2025\/08\/haria_cover_new1-768x735.jpg 768w, https:\/\/harialanzarote.com\/wp-content\/uploads\/2025\/08\/haria_cover_new1-1536x1471.jpg 1536w, https:\/\/harialanzarote.com\/wp-content\/uploads\/2025\/08\/haria_cover_new1-13x12.jpg 13w, https:\/\/harialanzarote.com\/wp-content\/uploads\/2025\/08\/haria_cover_new1.jpg 1900w\" sizes=\"auto, (max-width: 1024px) 100vw, 1024px\" \/><span aria-hidden=\"true\" class=\"wp-block-cover__background has-main-background-color has-background-dim\"><\/span><div class=\"wp-block-cover__inner-container has-global-padding is-layout-constrained wp-block-cover-is-layout-constrained\">\n<p class=\"has-text-align-center has-large-font-size\">Bienvenidos<br>al El Coraz\u00f3n Verde de Har\u00eda<br>un santuario de vida silvestre para plantas end\u00e9micas y nativas en el norte de Lanzarote<\/p>\n<\/div><\/div>\n\n\n\n<figure class=\"wp-block-video alignwide is-style-default\" style=\"padding-top:var(--wp--preset--spacing--small);padding-bottom:var(--wp--preset--spacing--small)\"><video height=\"720\" style=\"aspect-ratio: 1280 \/ 720;\" width=\"1280\" controls poster=\"https:\/\/harialanzarote.com\/wp-content\/uploads\/2025\/08\/green_heart_haria_video_cover1.jpg\" src=\"https:\/\/harialanzarote.com\/wp-content\/uploads\/2025\/07\/AQO8jE4moCkKSIXn8XQBdl687Zlaw9PQHvzbmXxtCE2L-asHL1FTWOdsGbziWzmN_cne7DpMr1LfaUt5-U1PGXqF7oqWKB0Z5Ho653pwPXHQuA.mp4\" playsinline><\/video><\/figure>","protected":false},"excerpt":{"rendered":"","protected":false},"author":1,"featured_media":0,"parent":0,"menu_order":0,"comment_status":"closed","ping_status":"closed","template":"page-no-title","meta":{"footnotes":""},"class_list":["post-1803","page","type-page","status-publish","hentry"],"_links":{"self":[{"href":"https:\/\/harialanzarote.com\/es\/wp-json\/wp\/v2\/pages\/1803","targetHints":{"allow":["GET"]}}],"collection":[{"href":"https:\/\/harialanzarote.com\/es\/wp-json\/wp\/v2\/pages"}],"about":[{"href":"https:\/\/harialanzarote.com\/es\/wp-json\/wp\/v2\/types\/page"}],"author":[{"embeddable":true,"href":"https:\/\/harialanzarote.com\/es\/wp-json\/wp\/v2\/users\/1"}],"replies":[{"embeddable":true,"href":"https:\/\/harialanzarote.com\/es\/wp-json\/wp\/v2\/comments?post=1803"}],"version-history":[{"count":17,"href":"https:\/\/harialanzarote.com\/es\/wp-json\/wp\/v2\/pages\/1803\/revisions"}],"predecessor-version":[{"id":2095,"href":"https:\/\/harialanzarote.com\/es\/wp-json\/wp\/v2\/pages\/1803\/revisions\/2095"}],"wp:attachment":[{"href":"https:\/\/harialanzarote.com\/es\/wp-json\/wp\/v2\/media?parent=1803"}],"curies":[{"name":"wp","href":"https:\/\/api.w.org\/{rel}","templated":true}]}}