{"id":1688,"date":"2025-07-16T10:42:42","date_gmt":"2025-07-16T09:42:42","guid":{"rendered":"https:\/\/harialanzarote.com\/?page_id=1688"},"modified":"2025-07-16T10:45:47","modified_gmt":"2025-07-16T09:45:47","slug":"cloud-catching","status":"publish","type":"page","link":"https:\/\/harialanzarote.com\/es\/in-the-media\/cloud-catching\/","title":{"rendered":"Atrapando nubes"},"content":{"rendered":"<p>2016: <strong><strong>A Very Earthly Matter of Clouds<\/strong><\/strong> (published article in <a href=\"https:\/\/www.diariodelanzarote.com\/noticia\/un-asunto-de-nubes-muy-terrenal-abandonado-un-proyecto-para-aprovechar-el-agua\" data-type=\"link\" data-id=\"https:\/\/www.diariodelanzarote.com\/noticia\/un-asunto-de-nubes-muy-terrenal-abandonado-un-proyecto-para-aprovechar-el-agua\">Diario de Lanzarote<\/a>) written by Sa\u00fal Garc\u00eda. English translation of text below image.<\/p>\n\n\n\n<figure class=\"wp-block-image size-large\"><img loading=\"lazy\" decoding=\"async\" width=\"965\" height=\"1024\" src=\"https:\/\/harialanzarote.com\/wp-content\/uploads\/2022\/11\/cloudarticleNEW-965x1024.jpg\" alt=\"\" class=\"wp-image-1054\" srcset=\"https:\/\/harialanzarote.com\/wp-content\/uploads\/2022\/11\/cloudarticleNEW-965x1024.jpg 965w, https:\/\/harialanzarote.com\/wp-content\/uploads\/2022\/11\/cloudarticleNEW-283x300.jpg 283w, https:\/\/harialanzarote.com\/wp-content\/uploads\/2022\/11\/cloudarticleNEW-768x815.jpg 768w, https:\/\/harialanzarote.com\/wp-content\/uploads\/2022\/11\/cloudarticleNEW-11x12.jpg 11w, https:\/\/harialanzarote.com\/wp-content\/uploads\/2022\/11\/cloudarticleNEW.jpg 1200w\" sizes=\"auto, (max-width: 965px) 100vw, 965px\" \/><\/figure>\n\n\n\n<p><strong style=\"caret-color: rgb(0, 0, 0); color: rgb(0, 0, 0); font-size: revert; white-space: normal;\">A very earthly matter of clouds<\/strong><p style=\"caret-color: rgb(0, 0, 0); color: rgb(0, 0, 0); white-space: normal;\">David Riebold began a project more than ten years ago to harness cloud water and reforest the north of the island. The project was carried out, but without his input, and it was a resounding failure. No trees have grown in Monta\u00f1a Aganada.<\/p><p style=\"caret-color: rgb(0, 0, 0); color: rgb(0, 0, 0); white-space: normal;\">David Riebold built his house in Har\u00eda using what little remained of an old fish market. In the back, he created a garden with native plants and trees that demonstrates that vegetation can also flourish in Lanzarote. Riebold is a science teacher at a school in Las Palmas and has lived in the house for many years, returning to it on weekends. He holds a Master&#8217;s degree in forestry and agroforestry from the University of North Wales, and in 1993, he included in his thesis a study on the traditional use of unusual water sources in Lanzarote for cultivation and forestry and their future potential. That work already mentioned the possibility of installing mist collectors on El Risco to extract water from the clouds and repopulate the area. This was not a world first, as this experiment had already been carried out in the Atacama Desert, but with the aim of obtaining drinking water. There had also been some experience in the Canary Islands.<\/p><p style=\"caret-color: rgb(0, 0, 0); color: rgb(0, 0, 0); white-space: normal;\">Riebold contacted Professor Schemenauer, a pioneer in this type of project, and also cited Laguna professor Victoria Marzol, &#8220;whose advice and guidance will be required if this project is approved,&#8221; he noted. The water that could be obtained in Lanzarote would not be for drinking, but for reforestation with native species. Reforestation would bring about the recovery of the natural life associated with the forest cover and would serve to prevent soil erosion, promote ecotourism, and attempt to restore the aquifers in Har\u00eda and the efficient use of water. The benefits seem unquestionable. In the past, there was a small forest on the island, as revealed by the deep layers of soil that are still found in the highest parts of Aganada Mountain, next to the small forest, which was the scene of the first reforestation of the island in the 1960s, and of others since, which have not had the desired success. In 2003, Riebold submitted a proposal to the Har\u00eda City Council for a mist-catcher project. As he explains on his website, &#8220;Shortly after the mayor accepted my proposal, I was offered an irresistible job in the United Kingdom. And \u2014despite staying four months a year in Har\u00eda and stipulating as a condition for accepting the job that I have a license to travel and work on the project\u2014 this meant that I was completely dependent on the collaborators at Har\u00eda City Council to maintain my participation.&#8221; In August 2006, New Scientist magazine published a report on the project, quoting Riebold. Starting in 2007, after numerous meetings, the City Council dropped his support, and shortly afterward, a very similar project emerged, led by one of his former interlocutors, Juan Manuel Gonz\u00e1lez, who had been vice president of the Youth Coalici\u00f3n Canaria and was on the CC electoral list for the Har\u00eda City Council. Gonz\u00e1lez is a biologist and, between 2006 and 2010, was project manager for the public company Gesplan. In 2008, he presented the project &#8220;Mist Collectors, Phase 1&#8221; at the Zaragoza Water Expo, co-financed by the Har\u00eda City Council and Lider through the Lanzarote Rural Development Agency. At that presentation, he gave the talk &#8220;How a Cloud Can Become Drinking Water,&#8221; revealing the production of up to five litres per day on each of the eight screens installed in Har\u00eda in 2006*, according to the note sent that year by the Lanzarote Island Council. The current situation of Aganada Mountain and the state of the fog collectors leave no doubt that the project was a resounding failure. No drinking water was obtained, nor has a single tree grown around the fog collectors, most of which are completely broken. According to Riebold, they are placed too high. They should have been placed lower to better collect the fog. The other problem he cites is that the right species were not planted. But there is a major error on the main property. Water pipes run from the fog meters, which, in order to irrigate the trees that were planted, would have to defy the law of gravity, since the property is on a slope and the trees Fog catchers are located at the bottom. &#8220;If they had taken the project away from me, but at least it was working, I would be a little less unhappy,&#8221; says Riebold, who says one of his frustrations is the amount of time he&#8217;s wasted in useless meetings. He asserts that his intention is not economic, because he would give up the project, but rather his goal is to reforest the area by doing the project well, placing the devices correctly, and focusing on species like wild olive and mastic trees. He believes they could grow in a short time, and then the fog meters wouldn&#8217;t be necessary because the leaves would collect the mist.<\/p><\/p>\n\n\n\n<p>2004: <strong>The Cloud Catcher<\/strong> (published article in Lanzarote Gazette)<\/p>\n\n\n\n<figure class=\"wp-block-image size-full is-resized\"><img loading=\"lazy\" decoding=\"async\" width=\"800\" height=\"586\" src=\"https:\/\/harialanzarote.com\/wp-content\/uploads\/2022\/11\/cloudcatching1.jpg\" alt=\"\" class=\"wp-image-1055\" style=\"width:1200px;height:auto\" srcset=\"https:\/\/harialanzarote.com\/wp-content\/uploads\/2022\/11\/cloudcatching1.jpg 800w, https:\/\/harialanzarote.com\/wp-content\/uploads\/2022\/11\/cloudcatching1-300x220.jpg 300w, https:\/\/harialanzarote.com\/wp-content\/uploads\/2022\/11\/cloudcatching1-768x563.jpg 768w, https:\/\/harialanzarote.com\/wp-content\/uploads\/2022\/11\/cloudcatching1-16x12.jpg 16w\" sizes=\"auto, (max-width: 800px) 100vw, 800px\" \/><\/figure>\n\n\n\n<figure class=\"wp-block-image size-full is-resized\"><img loading=\"lazy\" decoding=\"async\" width=\"750\" height=\"655\" src=\"https:\/\/harialanzarote.com\/wp-content\/uploads\/2022\/11\/cloudcatching2.jpg\" alt=\"\" class=\"wp-image-1056\" style=\"width:1200px;height:auto\" srcset=\"https:\/\/harialanzarote.com\/wp-content\/uploads\/2022\/11\/cloudcatching2.jpg 750w, https:\/\/harialanzarote.com\/wp-content\/uploads\/2022\/11\/cloudcatching2-300x262.jpg 300w, https:\/\/harialanzarote.com\/wp-content\/uploads\/2022\/11\/cloudcatching2-14x12.jpg 14w\" sizes=\"auto, (max-width: 750px) 100vw, 750px\" \/><\/figure>\n\n\n\n<p><strong>2006: The Fog Catcher&#8217;s Forest<\/strong> featured in <a href=\"https:\/\/www.newscientist.com\/article\/mg19125631-400-catch-the-fog-to-grow-a-forest\/\" data-type=\"link\" data-id=\"https:\/\/www.newscientist.com\/article\/mg19125631-400-catch-the-fog-to-grow-a-forest\/\">New Scientist<\/a> written by Fred Pearce.<\/p>\n\n\n\n<figure class=\"wp-block-image size-large is-resized\"><img loading=\"lazy\" decoding=\"async\" width=\"779\" height=\"1024\" src=\"https:\/\/harialanzarote.com\/wp-content\/uploads\/2022\/11\/cloudcatching3-779x1024.jpg\" alt=\"\" class=\"wp-image-1057\" style=\"width:1200px;height:auto\" srcset=\"https:\/\/harialanzarote.com\/wp-content\/uploads\/2022\/11\/cloudcatching3-779x1024.jpg 779w, https:\/\/harialanzarote.com\/wp-content\/uploads\/2022\/11\/cloudcatching3-228x300.jpg 228w, https:\/\/harialanzarote.com\/wp-content\/uploads\/2022\/11\/cloudcatching3-768x1009.jpg 768w, https:\/\/harialanzarote.com\/wp-content\/uploads\/2022\/11\/cloudcatching3-9x12.jpg 9w, https:\/\/harialanzarote.com\/wp-content\/uploads\/2022\/11\/cloudcatching3.jpg 800w\" sizes=\"auto, (max-width: 779px) 100vw, 779px\" \/><\/figure>\n\n\n\n<figure class=\"wp-block-image size-large is-resized\"><img loading=\"lazy\" decoding=\"async\" width=\"767\" height=\"1024\" src=\"https:\/\/harialanzarote.com\/wp-content\/uploads\/2022\/11\/cloudcatching4-767x1024.jpg\" alt=\"\" class=\"wp-image-1058\" style=\"width:1200px;height:auto\" srcset=\"https:\/\/harialanzarote.com\/wp-content\/uploads\/2022\/11\/cloudcatching4-767x1024.jpg 767w, https:\/\/harialanzarote.com\/wp-content\/uploads\/2022\/11\/cloudcatching4-225x300.jpg 225w, https:\/\/harialanzarote.com\/wp-content\/uploads\/2022\/11\/cloudcatching4-768x1025.jpg 768w, https:\/\/harialanzarote.com\/wp-content\/uploads\/2022\/11\/cloudcatching4-9x12.jpg 9w, https:\/\/harialanzarote.com\/wp-content\/uploads\/2022\/11\/cloudcatching4.jpg 800w\" sizes=\"auto, (max-width: 767px) 100vw, 767px\" \/><\/figure>\n\n\n\n<p>2005 (English translation below image):<\/p>\n\n\n\n<figure class=\"wp-block-image size-full is-resized\"><img loading=\"lazy\" decoding=\"async\" width=\"1000\" height=\"522\" src=\"https:\/\/harialanzarote.com\/wp-content\/uploads\/2022\/11\/cloudarticle1.jpg\" alt=\"\" class=\"wp-image-1053\" style=\"width:1200px;height:auto\" srcset=\"https:\/\/harialanzarote.com\/wp-content\/uploads\/2022\/11\/cloudarticle1.jpg 1000w, https:\/\/harialanzarote.com\/wp-content\/uploads\/2022\/11\/cloudarticle1-300x157.jpg 300w, https:\/\/harialanzarote.com\/wp-content\/uploads\/2022\/11\/cloudarticle1-768x401.jpg 768w, https:\/\/harialanzarote.com\/wp-content\/uploads\/2022\/11\/cloudarticle1-18x9.jpg 18w\" sizes=\"auto, (max-width: 1000px) 100vw, 1000px\" \/><\/figure>\n\n\n\n<p>As part of the environmental policy adopted by the northern municipality, in line with the initiatives proposed in the municipality&#8217;s Local Agenda 21, Har\u00eda will have mist collectors to collect water. This innovative measure is part of a study conducted by Mr. Riebold, a resident of the municipality who specializes in environmental issues. Riebold presented his proposal to the City Council, where the feasibility and potential use of this system were recognized. A group of environmental educators from the City Council also designed a project with the intention of implementing it. This project is currently co-financed by the Leader+ Community Initiative (61%), which is in turn managed by the Lanzarote Rural Development Association (ADERLAN). nitially, mist-collecting fog meters will be installed at the four stations under study to analyze the amount of water collected per square meter. In a second phase, &#8220;fog catchers&#8221; will be installed only at stations where a certain volume of water has been collected.<\/p>\n\n\n\n<p>The installation of these devices serves several purposes, such as aiding agricultural supplies, supplying ornamental crops, and restoring and reforesting Aganada Mountain. This environmental measure will also reduce erosion of the mountain, and will regenerate drinking troughs and watering holes.<\/p>\n\n\n\n<p>The Councilor for the Environment, Marciano Acu\u00f1a Betancor, states that fog catchers are an excellent tool for ecological intervention. Therefore, for their implementation, he is willing to establish appropriate contacts with entities with proven experience in this field, such as the Canary Islands universities, the Ministry of the Environment of the Canary Islands Government, the Technological Institute of the Canary Islands, the Cabildo of El Hierro, the Catholic University of Chile, and the Canadian Consortium for Research on Water, Agriculture, and the Environment, among others, as well as any individuals and companies willing to offer their collaboration in studies on the behavior of fog and its potential use as a hydrological resource appear to have moved beyond the merely experimental phase, as evidenced by the fact that in 1999 there were as many as 48 study sites distributed across 19 countries, with the United States, Chile, and Germany accounting for the most experiments. A number of projects aimed at supplying drinking water are also underway in Chile, Nepal, Oman, Spain (Canary Islands), Cape Verde, Namibia, South Africa, etc., with interest also shown by China, the Philippines, and Kenya.<\/p>\n\n\n\n<p><\/p>","protected":false},"excerpt":{"rendered":"<p>2016: A Very Earthly Matter of Clouds (published article in Diario de Lanzarote) written by Sa\u00fal Garc\u00eda. English translation of text below image. A very earthly matter of clouds David Riebold began a project more than ten years ago to harness cloud water and reforest the north of the island. The project was carried out, [&hellip;]<\/p>\n","protected":false},"author":2,"featured_media":0,"parent":1650,"menu_order":0,"comment_status":"closed","ping_status":"closed","template":"","meta":{"footnotes":""},"class_list":["post-1688","page","type-page","status-publish","hentry"],"_links":{"self":[{"href":"https:\/\/harialanzarote.com\/es\/wp-json\/wp\/v2\/pages\/1688","targetHints":{"allow":["GET"]}}],"collection":[{"href":"https:\/\/harialanzarote.com\/es\/wp-json\/wp\/v2\/pages"}],"about":[{"href":"https:\/\/harialanzarote.com\/es\/wp-json\/wp\/v2\/types\/page"}],"author":[{"embeddable":true,"href":"https:\/\/harialanzarote.com\/es\/wp-json\/wp\/v2\/users\/2"}],"replies":[{"embeddable":true,"href":"https:\/\/harialanzarote.com\/es\/wp-json\/wp\/v2\/comments?post=1688"}],"version-history":[{"count":2,"href":"https:\/\/harialanzarote.com\/es\/wp-json\/wp\/v2\/pages\/1688\/revisions"}],"predecessor-version":[{"id":1691,"href":"https:\/\/harialanzarote.com\/es\/wp-json\/wp\/v2\/pages\/1688\/revisions\/1691"}],"up":[{"embeddable":true,"href":"https:\/\/harialanzarote.com\/es\/wp-json\/wp\/v2\/pages\/1650"}],"wp:attachment":[{"href":"https:\/\/harialanzarote.com\/es\/wp-json\/wp\/v2\/media?parent=1688"}],"curies":[{"name":"wp","href":"https:\/\/api.w.org\/{rel}","templated":true}]}}