{"id":1669,"date":"2025-07-16T09:55:43","date_gmt":"2025-07-16T08:55:43","guid":{"rendered":"https:\/\/harialanzarote.com\/?page_id=1669"},"modified":"2025-08-18T09:54:36","modified_gmt":"2025-08-18T08:54:36","slug":"the-pond","status":"publish","type":"page","link":"https:\/\/harialanzarote.com\/es\/garden-2\/the-pond\/","title":{"rendered":"Pond"},"content":{"rendered":"<p>Las ventajas de una fuente como im\u00e1n para las aves se hacen evidentes al llegar a esta isla desierta. En la charca hay juncales aut\u00f3ctonos, pero todo lo dem\u00e1s se ha introducido, incluyendo las ranas arbor\u00edcolas canarias (no aut\u00f3ctonas de esta isla) de Gran Canaria, junto con abundantes berros. Este tipo r\u00fastico de berro se utiliza tradicionalmente para preparar potaje de berros en La Gomera. Tambi\u00e9n introdujimos el papiro verde p\u00e1lido, una especie ex\u00f3tica, cuyos tallos largos y firmes proporcionan un h\u00e1bitat ideal para las ranas arbor\u00edcolas, el apio silvestre y el jacinto de agua, ofreciendo abundante sombra y m\u00e1s escondites para la fauna, a la vez que minimiza la evaporaci\u00f3n en la superficie. <\/p>\n\n\n\n<figure class=\"wp-block-gallery has-nested-images columns-default is-cropped wp-block-gallery-1 is-layout-flex wp-block-gallery-is-layout-flex\">\n<figure class=\"wp-block-image size-large is-resized\"><img loading=\"lazy\" decoding=\"async\" width=\"1000\" height=\"750\" data-id=\"796\" src=\"https:\/\/harialanzarote.com\/wp-content\/uploads\/2022\/10\/dave10-1.jpg\" alt=\"\" class=\"wp-image-796\" style=\"width:1200px;height:auto\" srcset=\"https:\/\/harialanzarote.com\/wp-content\/uploads\/2022\/10\/dave10-1.jpg 1000w, https:\/\/harialanzarote.com\/wp-content\/uploads\/2022\/10\/dave10-1-300x225.jpg 300w, https:\/\/harialanzarote.com\/wp-content\/uploads\/2022\/10\/dave10-1-768x576.jpg 768w\" sizes=\"auto, (max-width: 1000px) 100vw, 1000px\" \/><\/figure>\n<\/figure>\n\n\n\n<figure class=\"wp-block-video\"><video height=\"720\" style=\"aspect-ratio: 1280 \/ 720;\" width=\"1280\" controls poster=\"https:\/\/harialanzarote.com\/wp-content\/uploads\/2025\/08\/green_heart_haria_video_cover1.jpg\" src=\"https:\/\/harialanzarote.com\/wp-content\/uploads\/2025\/07\/AQO8jE4moCkKSIXn8XQBdl687Zlaw9PQHvzbmXxtCE2L-asHL1FTWOdsGbziWzmN_cne7DpMr1LfaUt5-U1PGXqF7oqWKB0Z5Ho653pwPXHQuA.mp4\"><\/video><\/figure>\n\n\n\n<figure class=\"wp-block-image size-large is-resized\"><img loading=\"lazy\" decoding=\"async\" width=\"1024\" height=\"685\" src=\"https:\/\/harialanzarote.com\/wp-content\/uploads\/2025\/07\/P1090339-1024x685.jpg\" alt=\"\" class=\"wp-image-1675\" style=\"width:1200px;height:auto\" srcset=\"https:\/\/harialanzarote.com\/wp-content\/uploads\/2025\/07\/P1090339-1024x685.jpg 1024w, https:\/\/harialanzarote.com\/wp-content\/uploads\/2025\/07\/P1090339-300x201.jpg 300w, https:\/\/harialanzarote.com\/wp-content\/uploads\/2025\/07\/P1090339-768x513.jpg 768w, https:\/\/harialanzarote.com\/wp-content\/uploads\/2025\/07\/P1090339-1536x1027.jpg 1536w, https:\/\/harialanzarote.com\/wp-content\/uploads\/2025\/07\/P1090339-2048x1369.jpg 2048w, https:\/\/harialanzarote.com\/wp-content\/uploads\/2025\/07\/P1090339-18x12.jpg 18w\" sizes=\"auto, (max-width: 1024px) 100vw, 1024px\" \/><figcaption class=\"wp-element-caption\">Rana arb\u00f3rea canaria<\/figcaption><\/figure>\n\n\n\n<figure class=\"wp-block-image size-large\"><img loading=\"lazy\" decoding=\"async\" width=\"1024\" height=\"685\" src=\"https:\/\/harialanzarote.com\/wp-content\/uploads\/2025\/07\/P1080171-1024x685.jpg\" alt=\"\" class=\"wp-image-1678\" srcset=\"https:\/\/harialanzarote.com\/wp-content\/uploads\/2025\/07\/P1080171-1024x685.jpg 1024w, https:\/\/harialanzarote.com\/wp-content\/uploads\/2025\/07\/P1080171-300x201.jpg 300w, https:\/\/harialanzarote.com\/wp-content\/uploads\/2025\/07\/P1080171-768x513.jpg 768w, https:\/\/harialanzarote.com\/wp-content\/uploads\/2025\/07\/P1080171-1536x1027.jpg 1536w, https:\/\/harialanzarote.com\/wp-content\/uploads\/2025\/07\/P1080171-2048x1369.jpg 2048w, https:\/\/harialanzarote.com\/wp-content\/uploads\/2025\/07\/P1080171-18x12.jpg 18w\" sizes=\"auto, (max-width: 1024px) 100vw, 1024px\" \/><figcaption class=\"wp-element-caption\">Juncos silvestres y flores de apio<\/figcaption><\/figure>\n\n\n\n<p>La gruta (abajo) es una versi\u00f3n artificial de los chabocos de Lanzarote, los pozos hundidos comunes en las zonas volc\u00e1nicas, que proporcionan un lugar fresco y sombreado en el jard\u00edn con una fuente de agua cuyo suave goteo genera una sensaci\u00f3n de tranquilidad, al mismo tiempo que atrae a los p\u00e1jaros y tambi\u00e9n es el hogar de Suzy, la tortuga.<\/p>\n\n\n\n<figure class=\"wp-block-image size-full is-resized\"><img loading=\"lazy\" decoding=\"async\" width=\"720\" height=\"480\" src=\"https:\/\/harialanzarote.com\/wp-content\/uploads\/2025\/08\/19424064-924d-40b8-b1da-220a8abd7106.jpg.avif\" alt=\"\" class=\"wp-image-2058\" style=\"width:740px;height:auto\" srcset=\"https:\/\/harialanzarote.com\/wp-content\/uploads\/2025\/08\/19424064-924d-40b8-b1da-220a8abd7106.jpg.avif 720w, https:\/\/harialanzarote.com\/wp-content\/uploads\/2025\/08\/19424064-924d-40b8-b1da-220a8abd7106.jpg-300x200.jpg 300w, https:\/\/harialanzarote.com\/wp-content\/uploads\/2025\/08\/19424064-924d-40b8-b1da-220a8abd7106.jpg-18x12.jpg 18w\" sizes=\"auto, (max-width: 720px) 100vw, 720px\" \/><\/figure>","protected":false},"excerpt":{"rendered":"<p>The advantages of a water feature as a magnet for bird-life becomes clear soon after setting foot on this desert island. In the pond there are native rushes of grass but everything else has been introduced, including the Canarian tree frogs (not native to this island) from Gran Canaria, along with an abundance of watercress. [&hellip;]<\/p>\n","protected":false},"author":2,"featured_media":1674,"parent":1261,"menu_order":0,"comment_status":"closed","ping_status":"closed","template":"","meta":{"footnotes":""},"class_list":["post-1669","page","type-page","status-publish","has-post-thumbnail","hentry"],"_links":{"self":[{"href":"https:\/\/harialanzarote.com\/es\/wp-json\/wp\/v2\/pages\/1669","targetHints":{"allow":["GET"]}}],"collection":[{"href":"https:\/\/harialanzarote.com\/es\/wp-json\/wp\/v2\/pages"}],"about":[{"href":"https:\/\/harialanzarote.com\/es\/wp-json\/wp\/v2\/types\/page"}],"author":[{"embeddable":true,"href":"https:\/\/harialanzarote.com\/es\/wp-json\/wp\/v2\/users\/2"}],"replies":[{"embeddable":true,"href":"https:\/\/harialanzarote.com\/es\/wp-json\/wp\/v2\/comments?post=1669"}],"version-history":[{"count":15,"href":"https:\/\/harialanzarote.com\/es\/wp-json\/wp\/v2\/pages\/1669\/revisions"}],"predecessor-version":[{"id":2097,"href":"https:\/\/harialanzarote.com\/es\/wp-json\/wp\/v2\/pages\/1669\/revisions\/2097"}],"up":[{"embeddable":true,"href":"https:\/\/harialanzarote.com\/es\/wp-json\/wp\/v2\/pages\/1261"}],"wp:featuredmedia":[{"embeddable":true,"href":"https:\/\/harialanzarote.com\/es\/wp-json\/wp\/v2\/media\/1674"}],"wp:attachment":[{"href":"https:\/\/harialanzarote.com\/es\/wp-json\/wp\/v2\/media?parent=1669"}],"curies":[{"name":"wp","href":"https:\/\/api.w.org\/{rel}","templated":true}]}}