{"id":1636,"date":"2025-07-14T12:07:02","date_gmt":"2025-07-14T11:07:02","guid":{"rendered":"https:\/\/harialanzarote.com\/?page_id=1636"},"modified":"2025-08-07T15:52:05","modified_gmt":"2025-08-07T14:52:05","slug":"the-montana-aganada-rewilding-project","status":"publish","type":"page","link":"https:\/\/harialanzarote.com\/es\/environmental-projects\/the-montana-aganada-rewilding-project\/","title":{"rendered":"El Proyecto de Reconstrucci\u00f3n de Monta\u00f1a Aganada"},"content":{"rendered":"<p>Lanzarote es conocida por su clima c\u00e1lido y soleado durante todo el a\u00f1o, y es de hecho una verdadera isla desierta cuando se la mide en t\u00e9rminos de <strong><a href=\"https:\/\/education.nationalgeographic.org\/resource\/koppen-climate-classification-system\/\" data-type=\"link\" data-id=\"https:\/\/education.nationalgeographic.org\/resource\/koppen-climate-classification-system\/\">Clasificaci\u00f3n clim\u00e1tica de K\u00f6ppen<\/a><\/strong> escala debido a los niveles extremadamente bajos de precipitaci\u00f3n. Sin embargo, como en la mayor parte del archipi\u00e9lago, si la ubicaci\u00f3n es favorable dentro de la topograf\u00eda \u00fanica de cada isla, ciertas regiones elevadas pueden presentar niebla considerable durante largos per\u00edodos. Un ejemplo de ello es el Monte Aganada de Har\u00eda, donde la niebla puede acumularse durante al menos seis meses al a\u00f1o. Y donde hay nubes, puede haber bosques.<\/p>\n\n\n\n<figure class=\"wp-block-image size-large is-resized\"><img loading=\"lazy\" decoding=\"async\" width=\"1024\" height=\"479\" src=\"https:\/\/harialanzarote.com\/wp-content\/uploads\/2025\/07\/IMG_4440-2-1024x479.jpeg\" alt=\"\" class=\"wp-image-1639\" style=\"width:1200px;height:auto\" srcset=\"https:\/\/harialanzarote.com\/wp-content\/uploads\/2025\/07\/IMG_4440-2-1024x479.jpeg 1024w, https:\/\/harialanzarote.com\/wp-content\/uploads\/2025\/07\/IMG_4440-2-300x140.jpeg 300w, https:\/\/harialanzarote.com\/wp-content\/uploads\/2025\/07\/IMG_4440-2-768x359.jpeg 768w, https:\/\/harialanzarote.com\/wp-content\/uploads\/2025\/07\/IMG_4440-2-1536x719.jpeg 1536w, https:\/\/harialanzarote.com\/wp-content\/uploads\/2025\/07\/IMG_4440-2-2048x958.jpeg 2048w, https:\/\/harialanzarote.com\/wp-content\/uploads\/2025\/07\/IMG_4440-2-18x8.jpeg 18w\" sizes=\"auto, (max-width: 1024px) 100vw, 1024px\" \/><figcaption class=\"wp-element-caption\">El monte Aganada de Har\u00eda (izquierda) se alza desde el mar en la cresta noroeste de la isla, conocida como el macizo de Famara.<\/figcaption><\/figure>\n\n\n\n<p><strong>Bosques nubosos<\/strong><\/p>\n\n\n\n<p>Suenan como algo de El Se\u00f1or de los Anillos, pero estos delicados ecosistemas son muy reales y est\u00e1n m\u00e1s cerca de lo que uno podr\u00eda pensar.<a href=\"https:\/\/en.wikipedia.org\/wiki\/Cloud_forest\" data-type=\"link\" data-id=\"https:\/\/en.wikipedia.org\/wiki\/Cloud_forest\"> Un bosque nuboso<\/a> existe donde las nubes ondulantes pasan sobre las cimas de las colinas y, aunque se deposita poca o ninguna lluvia, las diminutas gotas de agua que forman las nubes son interceptadas por las hojas y ramas de los \u00e1rboles y gotean hacia el suelo, irrigando las ra\u00edces. En Tenerife, por ejemplo, el pinar intercepta las nubes de esta manera, proporcionando varias veces m\u00e1s agua subterr\u00e1nea que la que la isla obtiene de la lluvia. El magn\u00edfico bosque tinerfe\u00f1o no es ciertamente enano; forma un anillo que no llega a la cima del Teide y, por lo tanto, est\u00e1 protegido de los vientos m\u00e1s fuertes. Los bosques enanos existen en las cimas de las colinas y carecen de esta protecci\u00f3n, por lo que los \u00e1rboles tienden a atrofiarse y doblarse por los vendavales constantes. Este tipo de bosque exist\u00eda en las partes m\u00e1s altas del distrito de Har\u00eda hasta hace un siglo o dos; ahora solo quedan unos pocos \u00e1rboles, pero el espesor de la capa superficial prueba sin lugar a dudas que existi\u00f3 all\u00ed hasta hace relativamente poco. No hab\u00eda pinos, ya que no son aut\u00f3ctonos de Lanzarote, sino \u00e1rboles como el acebuche, pariente del olivo cultivado, que formaban un ecosistema forestal conocido como laurisilva. A pesar de su aridez, Lanzarote puede tener m\u00e1s plantas \u00fanicas que cualquier otra isla canaria, la mayor\u00eda de las cuales son aut\u00f3ctonas de esta regi\u00f3n. Si se pudieran restablecer los \u00e1rboles, cabe esperar que tambi\u00e9n lo hagan otras especies de flora y fauna aut\u00f3ctonas, lo que permitir\u00eda la resurrecci\u00f3n de un ecosistema de gran importancia biol\u00f3gica. \u00a1Un objetivo magn\u00edfico en un siglo cada vez m\u00e1s caracterizado por la destrucci\u00f3n masiva de ecosistemas tan delicados!<\/p>\n\n\n\n<figure class=\"wp-block-image size-large is-resized\"><img loading=\"lazy\" decoding=\"async\" width=\"1024\" height=\"768\" src=\"https:\/\/harialanzarote.com\/wp-content\/uploads\/2025\/07\/IMG_5283-1024x768.jpeg\" alt=\"\" class=\"wp-image-1638\" style=\"width:1200px;height:auto\" srcset=\"https:\/\/harialanzarote.com\/wp-content\/uploads\/2025\/07\/IMG_5283-1024x768.jpeg 1024w, https:\/\/harialanzarote.com\/wp-content\/uploads\/2025\/07\/IMG_5283-300x225.jpeg 300w, https:\/\/harialanzarote.com\/wp-content\/uploads\/2025\/07\/IMG_5283-768x576.jpeg 768w, https:\/\/harialanzarote.com\/wp-content\/uploads\/2025\/07\/IMG_5283-1536x1152.jpeg 1536w, https:\/\/harialanzarote.com\/wp-content\/uploads\/2025\/07\/IMG_5283-2048x1536.jpeg 2048w, https:\/\/harialanzarote.com\/wp-content\/uploads\/2025\/07\/IMG_5283-16x12.jpeg 16w\" sizes=\"auto, (max-width: 1024px) 100vw, 1024px\" \/><figcaption class=\"wp-element-caption\">Estratos que dejan al descubierto la capa superficial del suelo presente en las colinas sobre Har\u00eda, prueba visible de la presencia de un bosque en un pasado no tan lejano.<\/figcaption><\/figure>\n\n\n\n<figure class=\"wp-block-image size-large is-resized\"><img loading=\"lazy\" decoding=\"async\" width=\"1024\" height=\"768\" src=\"https:\/\/harialanzarote.com\/wp-content\/uploads\/2025\/07\/IMG_6336-1024x768.jpeg\" alt=\"\" class=\"wp-image-1637\" style=\"width:1200px;height:auto\" srcset=\"https:\/\/harialanzarote.com\/wp-content\/uploads\/2025\/07\/IMG_6336-1024x768.jpeg 1024w, https:\/\/harialanzarote.com\/wp-content\/uploads\/2025\/07\/IMG_6336-300x225.jpeg 300w, https:\/\/harialanzarote.com\/wp-content\/uploads\/2025\/07\/IMG_6336-768x576.jpeg 768w, https:\/\/harialanzarote.com\/wp-content\/uploads\/2025\/07\/IMG_6336-1536x1152.jpeg 1536w, https:\/\/harialanzarote.com\/wp-content\/uploads\/2025\/07\/IMG_6336-2048x1536.jpeg 2048w, https:\/\/harialanzarote.com\/wp-content\/uploads\/2025\/07\/IMG_6336-16x12.jpeg 16w\" sizes=\"auto, (max-width: 1024px) 100vw, 1024px\" \/><figcaption class=\"wp-element-caption\">Niebla flotando sobre las colinas de Har\u00eda, parte del Macizo de Famara que incluye Monta\u00f1a Aganada.<\/figcaption><\/figure>\n\n\n\n<p>Si paseas por el Monte Aganada de Har\u00eda cuando hay nubes (\u00a1cuidado con perderse!), notar\u00e1s que las nubes flotan aproximadamente a un metro del suelo: el cabello se te moja, mientras que las piernas se te quedan secas. Esto ilustra el problema al que se han enfrentado hasta ahora los programas de reforestaci\u00f3n: hasta que un \u00e1rbol crece lo suficiente, no puede acceder al agua de las nubes pasajeras. Se han plantado miles de \u00e1rboles j\u00f3venes, pero la mayor\u00eda se han secado y muerto. Se puede implementar un m\u00e9todo simple pero efectivo para nutrir los \u00e1rboles j\u00f3venes. Colocar grandes redes elevadas, ubicadas de forma que intercepten las nubes, libera cientos de litros de agua pura que se utilizan para nutrir las ra\u00edces de los \u00e1rboles hasta que crecen lo suficiente como para absorber las redes, impulsando as\u00ed el desarrollo de un nuevo bosque. <a href=\"https:\/\/fogquest.org\" data-type=\"link\" data-id=\"https:\/\/fogquest.org\">https:\/\/fogquest.org<\/a> sitio web (disponible en ingl\u00e9s y espa\u00f1ol) proporciona la gu\u00eda m\u00e1s actualizada sobre proyectos y t\u00e9cnicas modernas de captura de niebla. <\/p>\n\n\n\n<p>Prepar\u00e9 un plan de proyecto que implica plantar \u00e1rboles nativos utilizando redes simples para atrapar nubes en la cima de Monta\u00f1a Aganada, despu\u00e9s de buscar asesoramiento de <a href=\"https:\/\/fogquest.org\/awards-honours\/\" data-type=\"link\" data-id=\"https:\/\/fogquest.org\/awards-honours\/\">Professor Schemenauer<\/a>, pionero en este tipo de proyectos, y citando tambi\u00e9n el trabajo de <a href=\"https:\/\/www.researchgate.net\/scientific-contributions\/Maria-Victoria-Marzol-2166151372\" data-type=\"link\" data-id=\"https:\/\/www.researchgate.net\/scientific-contributions\/Maria-Victoria-Marzol-2166151372\">Professor Victoria Marzol<\/a>, de la Universidad de La Laguna de Tenerife.<\/p>\n\n\n\n<p>El proyecto fue presentado al Cabildo Insular para su financiaci\u00f3n en octubre de 2003 por el Ayuntamiento de Har\u00eda, y fue aprobado. El proyecto completo puede consultarse. <a href=\"https:\/\/harialanzarote.com\/the-montana-aganada-rewilding-project\/proposal-for-the-use-of-fog-collectors-on-mt-haria-aganada\/\" data-type=\"page\" data-id=\"1643\">aqu\u00ed<\/a>.<\/p>\n\n\n\n<p>El proyecto piloto se desarroll\u00f3 con \u00e9xito desde el verano de 2004. Se publicaron art\u00edculos sobre el proyecto en los<a href=\"https:\/\/harialanzarote.com\/in-the-media\/\" data-type=\"page\" data-id=\"1650\"> medios de comunicaci\u00f3n<\/a>.<\/p>\n\n\n\n<p>Una depresi\u00f3n tropical particularmente fuerte (la tormenta Delta) destruy\u00f3 las redes en el invierno de 2005. Lo que sigui\u00f3 fue una disputa pol\u00edtica, en la que el ayuntamiento me acus\u00f3 de plagio y se hizo cargo del proyecto. Se me prohibi\u00f3 participar en su desarrollo futuro y, tr\u00e1gicamente, el ayuntamiento abandon\u00f3 el proyecto posteriormente. Veinte a\u00f1os despu\u00e9s, podr\u00eda haber un bosque importante en Monta\u00f1a Aganada, pero el sitio sigue siendo una meseta des\u00e9rtica. Sigue cubierto de nubes y, ocasionalmente, fuertemente erosionado por las lluvias. Es un bosque fantasma, un bosque imaginario, esperando ser revivido.<\/p>\n\n\n\n<p>Una revisi\u00f3n detallada de la toma de posesi\u00f3n del consejo en <a href=\"https:\/\/www.diariodelanzarote.com\/noticia\/un-asunto-de-nubes-muy-terrenal-abandonado-un-proyecto-para-aprovechar-el-agua\" data-type=\"link\" data-id=\"https:\/\/www.diariodelanzarote.com\/noticia\/un-asunto-de-nubes-muy-terrenal-abandonado-un-proyecto-para-aprovechar-el-agua\">Diario de Lanzarote<\/a> En 2016 se puede encontrar traducci\u00f3n al ingl\u00e9s. <a href=\"https:\/\/harialanzarote.com\/in-the-media\/\" data-type=\"page\" data-id=\"1650\">aqu\u00ed<\/a>.<\/p>\n\n\n\n<p>La carta a continuaci\u00f3n afirma mi posici\u00f3n como autor original del proyecto:<\/p>\n\n\n\n<p>Me encantan los \u00e1rboles y he pasado gran parte de los \u00faltimos 20 a\u00f1os cultivando algo de nuestra rara flora nativa en mi jard\u00edn, por eso estoy muy interesado en ver que Torres Stinga, el alcalde de Haria y su socio pol\u00edtico Juan Manuel Gonz\u00e1lez no s\u00f3lo han implementado este proyecto sino que tambi\u00e9n lo han presentado al departamento de la Biosfera el 11 de agosto cuando gan\u00f3 un premio para proyectos sostenibles.<\/p>\n\n\n\n<p>Solo hay un peque\u00f1o problema que me preocupa: \u00bfen qu\u00e9 se diferencia este trabajo, presentado como propio por el Sr. Gonz\u00e1lez, de la propuesta que redact\u00e9 a petici\u00f3n del alcalde y que le mostr\u00e9 en 2003? Mi propuesta original ha estado disponible desde entonces para que todos la vean en mi sitio web, harialanzarote.com. Al principio, se reconocieron los a\u00f1os de trabajo que dediqu\u00e9 al proyecto; algunos art\u00edculos period\u00edsticos lo llamaron \"Proyecto David\". Pero cuando empec\u00e9 a hablar sobre las fuentes de financiaci\u00f3n para la segunda fase del proyecto, el Sr. Gonz\u00e1lez se mostr\u00f3 muy reservado y se neg\u00f3 a darme acceso a sus cuentas, alegando que no ten\u00eda derecho a preguntar sobre la financiaci\u00f3n del proyecto porque \"no ten\u00eda nada que ver conmigo\". De hecho, dijo que simplemente hab\u00eda plagiado el trabajo de otro cient\u00edfico. Si consultan la propuesta en mi sitio web, podr\u00e1n ver que menciono a una cient\u00edfica canaria, la profesora Marzol, como posible fuente de colaboraci\u00f3n; de hecho, hab\u00eda estado en contacto con ella muchos a\u00f1os antes, ya que tiene experiencia en la interceptaci\u00f3n de nubes como fuente de agua potable. Me dice que le sorprende mucho que la hayan usado como excusa para retirarme del proyecto. Si de hecho le robaron mi trabajo, \u00a1parecer\u00eda muy improbable que la mencionara en mi propuesta!<\/p>\n\n\n\n<p>La m\u00eda fue la primera propuesta de utilizar t\u00e9cnicas de captura de nubes para restaurar el bosque nuboso de Haria. De hecho, la tesis que describe el proyecto que prepar\u00e9 para mi maestr\u00eda en silvicultura ambiental, est\u00e1 disponible en la biblioteca de la Universidad de Gales del Norte (\u00a1o de m\u00ed!). parece ser la primera sugerencia de que las redes de captura de nubes desarrolladas recientemente en ese momento podr\u00edan usarse para la reforestaci\u00f3n en lugar de solo beber agua. Escrib\u00ed y acept\u00e9 mi tesis en 1993, muchos a\u00f1os antes de que persuadiera al alcalde de que mi proyecto era factible y me pidi\u00f3 que preparara la propuesta del proyecto.<\/p>\n\n\n\n<p>Durante mucho tiempo, el alcalde continu\u00f3 d\u00e1ndome falsas garant\u00edas, cuando le ped\u00ed que confirmara que los a\u00f1os de estudio cient\u00edfico que hab\u00eda puesto en el proyecto no se desperdiciar\u00edan, pero qued\u00f3 claro que la sugerencia de que le hab\u00eda robado el proyecto. El Prof. Marzol estaba circulando entre los concejales, as\u00ed que prepar\u00e9 una copia de algunos documentos que probaban mi autor\u00eda original y dej\u00e9 copias en el ayuntamiento para cada miembro del concejo. El alcalde impidi\u00f3 que se transmitieran y al mismo tiempo dej\u00f3 de fingir simpat\u00eda por mi situaci\u00f3n.<\/p>\n\n\n\n<p>Poco despu\u00e9s de esta decepci\u00f3n, una cadena de funcionarios comenz\u00f3 a aparecer en mi casa diciendo que me hab\u00eda 'robado' un par de metros de baranco cuando repar\u00e9 una pared y tuve que pagar miles de euros para arreglar las cosas. Todo el caso era rid\u00edculo y finalmente fue desestimado en los tribunales, pero no sin antes costarme mucho tiempo y preocupaciones. Por supuesto, es probable que sea rid\u00edculo sospechar que este problema fue una advertencia del alcalde para que no sacudiera el barco por su amigo. Pero cuando comparo el enorme problema de ese muro con la aparente ausencia total de acci\u00f3n sobre edificios enteros que brotan ilegalmente como hongos por todo Haria, no puedo evitar preguntarme si el alcalde no es capaz de usar su poder para tanto castigar como recompensar.<\/p>\n\n\n\n<p>Dado que el alcalde ahora se niega a verme y JM ha roto su promesa de mantenerme informado de los acontecimientos, me gustar\u00eda presentarles la siguiente carta abierta a ambos;<\/p>\n\n\n\n<p>JM, has robado descaradamente mi proyecto, fingiendo experiencia que te falta. Ha agregado insulto a la lesi\u00f3n al sugerir que no fue mi idea original en primer lugar. Si dice que \"su\" proyecto implica hacer algo importante adem\u00e1s de seguir las instrucciones escritas en mi propuesta original, entonces es un mentiroso.<\/p>\n\n\n\n<p>Sr alcalde, le confi\u00e9 mi proyecto como una colaboraci\u00f3n. Lo ha tomado sin mi permiso us\u00e1ndolo para recompensar a su socio pol\u00edtico, un antiguo vendedor de seguros que nunca hab\u00eda cultivado un \u00e1rbol en su vida. Si obtiene el control de la Cueva y los Jameos como pretende, \u00bfser\u00e1 en beneficio de quienes han trabajado desinteresadamente en beneficio del distrito de Har\u00eda o solo de sus compa\u00f1eros de Coalici\u00f3n Canarias? Es ir\u00f3nico que haya lanzado su carrera como alcalde con un ataque mordaz criticando la falta de honestidad de Snr. Ram\u00edrez, el anterior alcalde (ahora 'rehabilitado' como compa\u00f1ero de Coalici\u00f3n Canarias). Sea lo que sea de lo que Ram\u00edrez fue culpable, probablemente solo involucr\u00f3 dinero; sin embargo, me has robado a\u00f1os de mi vida.<br><\/p>","protected":false},"excerpt":{"rendered":"<p>Lanzarote is known for its year-round warm, sunny climate, and is indeed a true desert island when measured on the K\u00f6ppen climate classification scale due to extremely low levels of precipitation. However, like most of the archipelago, if positioned favourably within the unique topography of each island, certain regions of high ground can become considerably [&hellip;]<\/p>\n","protected":false},"author":2,"featured_media":1951,"parent":1749,"menu_order":0,"comment_status":"closed","ping_status":"closed","template":"","meta":{"footnotes":""},"class_list":["post-1636","page","type-page","status-publish","has-post-thumbnail","hentry"],"_links":{"self":[{"href":"https:\/\/harialanzarote.com\/es\/wp-json\/wp\/v2\/pages\/1636","targetHints":{"allow":["GET"]}}],"collection":[{"href":"https:\/\/harialanzarote.com\/es\/wp-json\/wp\/v2\/pages"}],"about":[{"href":"https:\/\/harialanzarote.com\/es\/wp-json\/wp\/v2\/types\/page"}],"author":[{"embeddable":true,"href":"https:\/\/harialanzarote.com\/es\/wp-json\/wp\/v2\/users\/2"}],"replies":[{"embeddable":true,"href":"https:\/\/harialanzarote.com\/es\/wp-json\/wp\/v2\/comments?post=1636"}],"version-history":[{"count":10,"href":"https:\/\/harialanzarote.com\/es\/wp-json\/wp\/v2\/pages\/1636\/revisions"}],"predecessor-version":[{"id":2041,"href":"https:\/\/harialanzarote.com\/es\/wp-json\/wp\/v2\/pages\/1636\/revisions\/2041"}],"up":[{"embeddable":true,"href":"https:\/\/harialanzarote.com\/es\/wp-json\/wp\/v2\/pages\/1749"}],"wp:featuredmedia":[{"embeddable":true,"href":"https:\/\/harialanzarote.com\/es\/wp-json\/wp\/v2\/media\/1951"}],"wp:attachment":[{"href":"https:\/\/harialanzarote.com\/es\/wp-json\/wp\/v2\/media?parent=1636"}],"curies":[{"name":"wp","href":"https:\/\/api.w.org\/{rel}","templated":true}]}}