{"id":1571,"date":"2025-07-11T12:55:02","date_gmt":"2025-07-11T11:55:02","guid":{"rendered":"https:\/\/harialanzarote.com\/?page_id=1571"},"modified":"2025-08-04T10:45:53","modified_gmt":"2025-08-04T09:45:53","slug":"walks","status":"publish","type":"page","link":"https:\/\/harialanzarote.com\/es\/lanzarote\/walks\/","title":{"rendered":"Caminar"},"content":{"rendered":"<figure class=\"wp-block-image size-large is-resized\"><img loading=\"lazy\" decoding=\"async\" width=\"1024\" height=\"768\" src=\"https:\/\/harialanzarote.com\/wp-content\/uploads\/2025\/07\/uuid33F32F13-D3FE-4FD4-9956-B4693D4CB590code001library1type1mode2loctruecaptrue-1-1024x768.jpeg\" alt=\"\" class=\"wp-image-1572\" style=\"width:1200px;height:auto\" srcset=\"https:\/\/harialanzarote.com\/wp-content\/uploads\/2025\/07\/uuid33F32F13-D3FE-4FD4-9956-B4693D4CB590code001library1type1mode2loctruecaptrue-1-1024x768.jpeg 1024w, https:\/\/harialanzarote.com\/wp-content\/uploads\/2025\/07\/uuid33F32F13-D3FE-4FD4-9956-B4693D4CB590code001library1type1mode2loctruecaptrue-1-300x225.jpeg 300w, https:\/\/harialanzarote.com\/wp-content\/uploads\/2025\/07\/uuid33F32F13-D3FE-4FD4-9956-B4693D4CB590code001library1type1mode2loctruecaptrue-1-768x576.jpeg 768w, https:\/\/harialanzarote.com\/wp-content\/uploads\/2025\/07\/uuid33F32F13-D3FE-4FD4-9956-B4693D4CB590code001library1type1mode2loctruecaptrue-1-1536x1152.jpeg 1536w, https:\/\/harialanzarote.com\/wp-content\/uploads\/2025\/07\/uuid33F32F13-D3FE-4FD4-9956-B4693D4CB590code001library1type1mode2loctruecaptrue-1-2048x1536.jpeg 2048w, https:\/\/harialanzarote.com\/wp-content\/uploads\/2025\/07\/uuid33F32F13-D3FE-4FD4-9956-B4693D4CB590code001library1type1mode2loctruecaptrue-1-16x12.jpeg 16w\" sizes=\"auto, (max-width: 1024px) 100vw, 1024px\" \/><\/figure>\n\n\n\n<p>Hay muchos para enumerarlos aqu\u00ed, pero uno de los favoritos de nuestros hu\u00e9spedes y de nosotros es una caminata de veinte minutos, siguiendo la carretera o el barranco que corre junto al jard\u00edn que lo lleva desde el pueblo de Har\u00eda hasta los acantilados con vistas a Famara y con una vista del Atl\u00e1ntico a ambos lados de la isla. <\/p>\n\n\n\n<figure class=\"wp-block-image size-large is-resized\"><img loading=\"lazy\" decoding=\"async\" width=\"1024\" height=\"567\" src=\"https:\/\/harialanzarote.com\/wp-content\/uploads\/2025\/07\/IMG_6301-1024x567.jpeg\" alt=\"\" class=\"wp-image-1700\" style=\"width:1200px;height:auto\" srcset=\"https:\/\/harialanzarote.com\/wp-content\/uploads\/2025\/07\/IMG_6301-1024x567.jpeg 1024w, https:\/\/harialanzarote.com\/wp-content\/uploads\/2025\/07\/IMG_6301-300x166.jpeg 300w, https:\/\/harialanzarote.com\/wp-content\/uploads\/2025\/07\/IMG_6301-768x425.jpeg 768w, https:\/\/harialanzarote.com\/wp-content\/uploads\/2025\/07\/IMG_6301-1536x850.jpeg 1536w, https:\/\/harialanzarote.com\/wp-content\/uploads\/2025\/07\/IMG_6301-2048x1134.jpeg 2048w, https:\/\/harialanzarote.com\/wp-content\/uploads\/2025\/07\/IMG_6301-18x10.jpeg 18w\" sizes=\"auto, (max-width: 1024px) 100vw, 1024px\" \/><figcaption class=\"wp-element-caption\">La vista desde uno de los muchos miradores desde El Risco hacia Famara y el suroeste.<\/figcaption><\/figure>\n\n\n\n<p>Otra <a href=\"https:\/\/harialanzarote.com\/lanzarote\/haria-the-north\/volcanoes\/\" data-type=\"page\" data-id=\"1553\">ruta<\/a>, comenzando en el cercano pueblo de Ye, te llevar\u00e1 a la cumbre del Monte Corona.<\/p>\n\n\n\n<p>Se puede encontrar un nuevo libro completo de rutas de senderismo <a href=\"https:\/\/www.edicionesremotas.com\/catalogo\/p\/lanzarote-a-hiking-guide\" data-type=\"link\" data-id=\"https:\/\/www.edicionesremotas.com\/catalogo\/p\/lanzarote-a-hiking-guide\">aqu\u00ed<\/a>.<\/p>\n\n\n\n<p><\/p>\n\n\n\n<p><\/p>","protected":false},"excerpt":{"rendered":"<p>There are too many to list here but a favourite of our guests and ourselves is a a twenty minute walk, following the road or the barranco that runs alongside the garden that takes you from Har\u00eda village to the cliff-tops overlooking Famara and with a view of the Atlantic on both sides of the [&hellip;]<\/p>\n","protected":false},"author":1,"featured_media":0,"parent":1537,"menu_order":0,"comment_status":"closed","ping_status":"closed","template":"","meta":{"footnotes":""},"class_list":["post-1571","page","type-page","status-publish","hentry"],"_links":{"self":[{"href":"https:\/\/harialanzarote.com\/es\/wp-json\/wp\/v2\/pages\/1571","targetHints":{"allow":["GET"]}}],"collection":[{"href":"https:\/\/harialanzarote.com\/es\/wp-json\/wp\/v2\/pages"}],"about":[{"href":"https:\/\/harialanzarote.com\/es\/wp-json\/wp\/v2\/types\/page"}],"author":[{"embeddable":true,"href":"https:\/\/harialanzarote.com\/es\/wp-json\/wp\/v2\/users\/1"}],"replies":[{"embeddable":true,"href":"https:\/\/harialanzarote.com\/es\/wp-json\/wp\/v2\/comments?post=1571"}],"version-history":[{"count":3,"href":"https:\/\/harialanzarote.com\/es\/wp-json\/wp\/v2\/pages\/1571\/revisions"}],"predecessor-version":[{"id":1706,"href":"https:\/\/harialanzarote.com\/es\/wp-json\/wp\/v2\/pages\/1571\/revisions\/1706"}],"up":[{"embeddable":true,"href":"https:\/\/harialanzarote.com\/es\/wp-json\/wp\/v2\/pages\/1537"}],"wp:attachment":[{"href":"https:\/\/harialanzarote.com\/es\/wp-json\/wp\/v2\/media?parent=1571"}],"curies":[{"name":"wp","href":"https:\/\/api.w.org\/{rel}","templated":true}]}}