{"id":1455,"date":"2025-07-09T22:50:53","date_gmt":"2025-07-09T21:50:53","guid":{"rendered":"https:\/\/harialanzarote.com\/?page_id=1455"},"modified":"2025-08-04T16:05:03","modified_gmt":"2025-08-04T15:05:03","slug":"garden-map","status":"publish","type":"page","link":"https:\/\/harialanzarote.com\/es\/garden-2\/garden-map\/","title":{"rendered":"Mapa del jard\u00edn (interactivo)"},"content":{"rendered":"<p>Haga clic en cualquiera de las descripciones de las plantas para acceder a m\u00e1s informaci\u00f3n sobre la especie.<\/p>\n\n\n\n<div class=\"wp-block-group alignfull is-layout-flow wp-block-group-is-layout-flow\">\n<style>\n\t#hotspot-1621 .hotspots-image-container,\n\t#hotspot-1621 .leaflet-container {\n\t\tbackground: #ffffff\t}\n\n\t#hotspot-1621 .hotspots-placeholder {\n\t\tbackground: #ffffff;\n\t\tborder: 0 #ffffff solid;\n\t\tcolor: #000000;\n\t}\n\n\t#hotspot-1621 .hotspot-title {\n\t\tcolor: #ffffff;\n\t}\n\n\t\t\t#hotspot-1621 .hotspot-default {\n\t\t\tstroke-width: 2;\n\t\t\tfill: #ffffff;\n\t\t\tfill-opacity: 0;\n\t\t\tstroke: #ffffff;\n\t\t\tstroke-opacity: 0;\n\t\t}\n\t\t#hotspot-1621 .hotspot-default:hover,\n\t\t#hotspot-1621 .hotspot-default:focus-visible,\n\t\t#hotspot-1621 .hotspot-default.hotspot-active {\n\t\t\tfill: #ffffff;\n\t\t\tfill-opacity: 1.01;\n\t\t\tstroke: #235B6E;\n\t\t\tstroke-opacity: 1.01;\n\t\t}\n\t\t#hotspot-1621 .leaflet-tooltip,\n\t#hotspot-1621 .leaflet-rrose-content-wrapper {\n\t\tbackground: #ffffff;\n\t\tborder-color: #ffffff;\n\t\tcolor: #000000;\n\t}\n\n\t#hotspot-1621 a.leaflet-rrose-close-button {\n\t\tcolor: #ffffff;\n\t}\n\n\t#hotspot-1621 .leaflet-rrose-tip {\n\t\tbackground: #ffffff;\n\t}\n\n\t#hotspot-1621 .leaflet-popup-scrolled {\n\t\tborder-bottom-color: #000000;\n\t\tborder-top-color: #000000;\n\t}\n\n\t#hotspot-1621 .leaflet-tooltip-top:before {\n\t\tborder-top-color: #ffffff;\n\t}\n\n\t#hotspot-1621 .leaflet-tooltip-bottom:before {\n\t\tborder-bottom-color: #ffffff;\n\t}\n\t#hotspot-1621 .leaflet-tooltip-left:before {\n\t\tborder-left-color: #ffffff;\n\t}\n\t#hotspot-1621 .leaflet-tooltip-right:before {\n\t\tborder-right-color: #ffffff;\n\t}\n<\/style>\n\n\t\n\t<div class=\"hotspots-container links-only layout-left event-click\" id=\"hotspot-1621\" data-layout=\"left\" data-trigger=\"click\">\n\t\t<div class=\"hotspots-interaction\">\n\t\t\t<div class=\"hotspots-image-container\">\n\t<img\n\t\twidth=\"1556\"\n\t\theight=\"2200\"\n\t\tsrc=\"https:\/\/harialanzarote.com\/wp-content\/uploads\/2025\/08\/haria_garden_map_website_hotspot.jpg\"\n\t\talt=\"Map of Garden &#038; Species\"\n\t\tclass=\"hotspots-image skip-lazy\"\n\t\tusemap=\"#hotspots-image-1621\"\n\t\tdata-image-title=\"Map of Garden &#038; Species\"\n\t\tdata-image-description=\"\"\n\t\tdata-event-trigger=\"click\"\n\t\tdata-always-visible=\"false\"\n\t\tdata-id=\"1621\"\n\t\tdata-no-lazy=\"1\"\n\t\tdata-lazy-src=\"\"\n\t\tdata-lazy=\"false\"\n\t\tloading=\"eager\"\n\t\tdata-skip-lazy=\"1\"\n\t\t>\n<\/div>\t\t<\/div>\n\t\t<map name=\"hotspots-image-1621\" class=\"hotspots-map\">\n\t\t\t\t\t\t\t\t\t\t\t<area\n\t\t\t\t\tshape=\"polygon\"\n\t\t\t\t\tcoords=\"565,155,565,121,879,121,879,155\"\n\t\t\t\t\thref=\"https:\/\/harialanzarote.com\/garden-2\/species-of-flora\/1-bejeque-farrobo-aeonium-balsamiferum-webb-berthel\/\"\n\t\t\t\t\trel=\"\"\n\t\t\t\t\ttitle=\"1. Bejeque farrobo\"\n\t\t\t\t\talt=\"1. Bejeque farrobo\"\n\t\t\t\t\tdata-action=\"url\"\n\t\t\t\t\tdata-color-scheme=\"\"\n\t\t\t\t\ttarget=\"\"\n\t\t\t\t\tclass=\"url-area\"\n\t\t\t\t\t>\n\t\t\t\t\t\t\t\t\t\t\t<area\n\t\t\t\t\tshape=\"polygon\"\n\t\t\t\t\tcoords=\"565,195,565,173,899,173,899,195\"\n\t\t\t\t\thref=\"https:\/\/harialanzarote.com\/garden-2\/species-of-flora\/2-bejeque-de-malpais-aeonium-lancerottense-praeger\/\"\n\t\t\t\t\trel=\"\"\n\t\t\t\t\ttitle=\"2. Bejeque de malpais\"\n\t\t\t\t\talt=\"2. Bejeque de malpais\"\n\t\t\t\t\tdata-action=\"url\"\n\t\t\t\t\tdata-color-scheme=\"\"\n\t\t\t\t\ttarget=\"\"\n\t\t\t\t\tclass=\"url-area\"\n\t\t\t\t\t>\n\t\t\t\t\t\t\t\t\t\t\t<area\n\t\t\t\t\tshape=\"polygon\"\n\t\t\t\t\tcoords=\"569,238,569,211,937,211,937,238\"\n\t\t\t\t\thref=\"https:\/\/harialanzarote.com\/garden-2\/species-of-flora\/3-correguelon-de-famara-convolvulus-lopezsocasi-svent\/\"\n\t\t\t\t\trel=\"\"\n\t\t\t\t\ttitle=\"3. Correg\u00fcel\u00f3n de famara\"\n\t\t\t\t\talt=\"3. Correg\u00fcel\u00f3n de famara\"\n\t\t\t\t\tdata-action=\"url\"\n\t\t\t\t\tdata-color-scheme=\"\"\n\t\t\t\t\ttarget=\"\"\n\t\t\t\t\tclass=\"url-area\"\n\t\t\t\t\t>\n\t\t\t\t\t\t\t\t\t\t\t<area\n\t\t\t\t\tshape=\"polygon\"\n\t\t\t\t\tcoords=\"558,283,558,252,914,252,914,283\"\n\t\t\t\t\thref=\"https:\/\/harialanzarote.com\/garden-2\/species-of-flora\/4-margarita-de-famara-argyranthemum-maderense-d-don-humphries\/\"\n\t\t\t\t\trel=\"\"\n\t\t\t\t\ttitle=\"4. Margarita de famara\"\n\t\t\t\t\talt=\"4. Margarita de famara\"\n\t\t\t\t\tdata-action=\"url\"\n\t\t\t\t\tdata-color-scheme=\"\"\n\t\t\t\t\ttarget=\"\"\n\t\t\t\t\tclass=\"url-area\"\n\t\t\t\t\t>\n\t\t\t\t\t\t\t\t\t\t\t<area\n\t\t\t\t\tshape=\"polygon\"\n\t\t\t\t\tcoords=\"545,333,545,297,897,297,897,333\"\n\t\t\t\t\thref=\"https:\/\/harialanzarote.com\/garden-2\/species-of-flora\/5-pulguera-pulicaria-purpuraria-pulicaria-canariensis-bolle-subsp-lanata\/\"\n\t\t\t\t\trel=\"\"\n\t\t\t\t\ttitle=\"5. Pulguera\/Pulicaria purpuraria\"\n\t\t\t\t\talt=\"5. Pulguera\/Pulicaria purpuraria\"\n\t\t\t\t\tdata-action=\"url\"\n\t\t\t\t\tdata-color-scheme=\"\"\n\t\t\t\t\ttarget=\"\"\n\t\t\t\t\tclass=\"url-area\"\n\t\t\t\t\t>\n\t\t\t\t\t\t\t\t\t\t\t<area\n\t\t\t\t\tshape=\"polygon\"\n\t\t\t\t\tcoords=\"997,152,997,119,1259,119,1259,152\"\n\t\t\t\t\thref=\"https:\/\/harialanzarote.com\/garden-2\/species-of-flora\/6-matorrisco-de-lanzarote-lavandula-pinnata-l-fil\/\"\n\t\t\t\t\trel=\"\"\n\t\t\t\t\ttitle=\"6. Matorrisco de Lanzarote\"\n\t\t\t\t\talt=\"6. Matorrisco de Lanzarote\"\n\t\t\t\t\tdata-action=\"url\"\n\t\t\t\t\tdata-color-scheme=\"\"\n\t\t\t\t\ttarget=\"\"\n\t\t\t\t\tclass=\"url-area\"\n\t\t\t\t\t>\n\t\t\t\t\t\t\t\t\t\t\t<area\n\t\t\t\t\tshape=\"polygon\"\n\t\t\t\t\tcoords=\"990,204,990,158,1297,158,1297,204\"\n\t\t\t\t\thref=\"https:\/\/harialanzarote.com\/garden-2\/species-of-flora\/7-tojia-amarilla-asteriscus-intermedius-dc-pit-proust\/\"\n\t\t\t\t\trel=\"\"\n\t\t\t\t\ttitle=\"7. Tojia amarilla\"\n\t\t\t\t\talt=\"7. Tojia amarilla\"\n\t\t\t\t\tdata-action=\"url\"\n\t\t\t\t\tdata-color-scheme=\"\"\n\t\t\t\t\ttarget=\"\"\n\t\t\t\t\tclass=\"url-area\"\n\t\t\t\t\t>\n\t\t\t\t\t\t\t\t\t\t\t<area\n\t\t\t\t\tshape=\"polygon\"\n\t\t\t\t\tcoords=\"995,242,995,207,1277,207,1277,242\"\n\t\t\t\t\thref=\"https:\/\/harialanzarote.com\/garden-2\/species-of-flora\/7b-tojia-blanca-asteriscus-schultzii-bolle-pit-proust\/\"\n\t\t\t\t\trel=\"\"\n\t\t\t\t\ttitle=\"7b. Tojia blanca\"\n\t\t\t\t\talt=\"7b. Tojia blanca\"\n\t\t\t\t\tdata-action=\"url\"\n\t\t\t\t\tdata-color-scheme=\"\"\n\t\t\t\t\ttarget=\"\"\n\t\t\t\t\tclass=\"url-area\"\n\t\t\t\t\t>\n\t\t\t\t\t\t\t\t\t\t\t<area\n\t\t\t\t\tshape=\"polygon\"\n\t\t\t\t\tcoords=\"992,285,992,250,1291,250,1291,285\"\n\t\t\t\t\thref=\"https:\/\/harialanzarote.com\/garden-2\/species-of-flora\/8-pinamar-mayor-atractylis-arbuscula-svent-michaelis\/\"\n\t\t\t\t\trel=\"\"\n\t\t\t\t\ttitle=\"8. Pi\u00f1amar mayor\"\n\t\t\t\t\talt=\"8. Pi\u00f1amar mayor\"\n\t\t\t\t\tdata-action=\"url\"\n\t\t\t\t\tdata-color-scheme=\"\"\n\t\t\t\t\ttarget=\"\"\n\t\t\t\t\tclass=\"url-area\"\n\t\t\t\t\t>\n\t\t\t\t\t\t\t\t\t\t\t<area\n\t\t\t\t\tshape=\"polygon\"\n\t\t\t\t\tcoords=\"555,448,555,417,830,417,830,448\"\n\t\t\t\t\thref=\"https:\/\/harialanzarote.com\/garden-2\/species-of-flora\/9-siempreviva-limonium-bourgeaui-webb-ex-boiss-kuntze\/\"\n\t\t\t\t\trel=\"\"\n\t\t\t\t\ttitle=\"9. Siempreviva\"\n\t\t\t\t\talt=\"9. Siempreviva\"\n\t\t\t\t\tdata-action=\"url\"\n\t\t\t\t\tdata-color-scheme=\"\"\n\t\t\t\t\ttarget=\"\"\n\t\t\t\t\tclass=\"url-area\"\n\t\t\t\t\t>\n\t\t\t\t\t\t\t\t\t\t\t<area\n\t\t\t\t\tshape=\"polygon\"\n\t\t\t\t\tcoords=\"565,495,565,460,926,460,926,495\"\n\t\t\t\t\thref=\"https:\/\/harialanzarote.com\/garden-2\/species-of-flora\/10-esparraguera-majorera-asparagus-nesiotes-svent-subsp-purpuriensis-marrero-et-ramos\/\"\n\t\t\t\t\trel=\"\"\n\t\t\t\t\ttitle=\"10. Esparraguera majorera\"\n\t\t\t\t\talt=\"10. Esparraguera majorera\"\n\t\t\t\t\tdata-action=\"url\"\n\t\t\t\t\tdata-color-scheme=\"\"\n\t\t\t\t\ttarget=\"\"\n\t\t\t\t\tclass=\"url-area\"\n\t\t\t\t\t>\n\t\t\t\t\t\t\t\t\t\t\t<area\n\t\t\t\t\tshape=\"polygon\"\n\t\t\t\t\tcoords=\"564,538,564,501,872,501,872,538\"\n\t\t\t\t\thref=\"https:\/\/harialanzarote.com\/garden-2\/species-of-flora\/11-cerrajon-de-risco-sonchus-pinnatifidus-cav-var-pinnatifidus-var-integrifolius-g-kunkel\/\"\n\t\t\t\t\trel=\"\"\n\t\t\t\t\ttitle=\"11. Cerraj\u00f3n de risco\"\n\t\t\t\t\talt=\"11. Cerraj\u00f3n de risco\"\n\t\t\t\t\tdata-action=\"url\"\n\t\t\t\t\tdata-color-scheme=\"\"\n\t\t\t\t\ttarget=\"\"\n\t\t\t\t\tclass=\"url-area\"\n\t\t\t\t\t>\n\t\t\t\t\t\t\t\t\t\t\t<area\n\t\t\t\t\tshape=\"polygon\"\n\t\t\t\t\tcoords=\"567,592,567,552,850,552,850,592\"\n\t\t\t\t\thref=\"https:\/\/harialanzarote.com\/garden-2\/species-of-flora\/12-anis-de-jandia-bupleurum-handiense-bolle-g-kunkel\/\"\n\t\t\t\t\trel=\"\"\n\t\t\t\t\ttitle=\"12. An\u00eds de Jand\u00eda\"\n\t\t\t\t\talt=\"12. An\u00eds de Jand\u00eda\"\n\t\t\t\t\tdata-action=\"url\"\n\t\t\t\t\tdata-color-scheme=\"\"\n\t\t\t\t\ttarget=\"\"\n\t\t\t\t\tclass=\"url-area\"\n\t\t\t\t\t>\n\t\t\t\t\t\t\t\t\t\t\t<area\n\t\t\t\t\tshape=\"polygon\"\n\t\t\t\t\tcoords=\"986,448,986,417,1224,417,1224,448\"\n\t\t\t\t\thref=\"https:\/\/harialanzarote.com\/garden-2\/species-of-flora\/13-peorrera-andryala-perezii-m-z-ferreira-r-jardim-alv-fern-m-seq\/\"\n\t\t\t\t\trel=\"\"\n\t\t\t\t\ttitle=\"13. Peorrera\"\n\t\t\t\t\talt=\"13. Peorrera\"\n\t\t\t\t\tdata-action=\"url\"\n\t\t\t\t\tdata-color-scheme=\"\"\n\t\t\t\t\ttarget=\"\"\n\t\t\t\t\tclass=\"url-area\"\n\t\t\t\t\t>\n\t\t\t\t\t\t\t\t\t\t\t<area\n\t\t\t\t\tshape=\"polygon\"\n\t\t\t\t\tcoords=\"986,491,986,461,1331,461,1331,491\"\n\t\t\t\t\thref=\"https:\/\/harialanzarote.com\/garden-2\/species-of-flora\/14-famara-taginaste-echium-famarae-lems-holzapfel-subsp-purpuriense\/\"\n\t\t\t\t\trel=\"\"\n\t\t\t\t\ttitle=\"14. Famara Taginaste\"\n\t\t\t\t\talt=\"14. Famara Taginaste\"\n\t\t\t\t\tdata-action=\"url\"\n\t\t\t\t\tdata-color-scheme=\"\"\n\t\t\t\t\ttarget=\"\"\n\t\t\t\t\tclass=\"url-area\"\n\t\t\t\t\t>\n\t\t\t\t\t\t\t\t\t\t\t<area\n\t\t\t\t\tshape=\"polygon\"\n\t\t\t\t\tcoords=\"986,540,986,500,1249,500,1249,540\"\n\t\t\t\t\thref=\"https:\/\/harialanzarote.com\/garden-2\/species-of-flora\/15-yerba-mua-corazoncillo-de-lanzarote-lotus-lancerottensis-webb-berthel\/\"\n\t\t\t\t\trel=\"\"\n\t\t\t\t\ttitle=\"15. Yerba m\u00faa \/ Corazoncillo de Lanzarote\"\n\t\t\t\t\talt=\"15. Yerba m\u00faa \/ Corazoncillo de Lanzarote\"\n\t\t\t\t\tdata-action=\"url\"\n\t\t\t\t\tdata-color-scheme=\"\"\n\t\t\t\t\ttarget=\"\"\n\t\t\t\t\tclass=\"url-area\"\n\t\t\t\t\t>\n\t\t\t\t\t\t\t\t\t\t\t<area\n\t\t\t\t\tshape=\"polygon\"\n\t\t\t\t\tcoords=\"990,581,990,545,1228,545,1228,581\"\n\t\t\t\t\thref=\"https:\/\/harialanzarote.com\/garden-2\/species-of-flora\/16-cuernua-colmillo-de-perro-apteranthes-burchardii-n-e-br-plowes-subsp-burchardii\/\"\n\t\t\t\t\trel=\"\"\n\t\t\t\t\ttitle=\"16. Cuern\u00faa\"\n\t\t\t\t\talt=\"16. Cuern\u00faa\"\n\t\t\t\t\tdata-action=\"url\"\n\t\t\t\t\tdata-color-scheme=\"\"\n\t\t\t\t\ttarget=\"\"\n\t\t\t\t\tclass=\"url-area\"\n\t\t\t\t\t>\n\t\t\t\t\t\t\t\t\t\t\t<area\n\t\t\t\t\tshape=\"polygon\"\n\t\t\t\t\tcoords=\"709,710,709,672,1017,672,1017,710\"\n\t\t\t\t\thref=\"https:\/\/harialanzarote.com\/garden-2\/species-of-flora\/17-romero-marino-campylanthus-salsoloides-l-fil-roth\/\"\n\t\t\t\t\trel=\"\"\n\t\t\t\t\ttitle=\"17. Romero marino\"\n\t\t\t\t\talt=\"17. Romero marino\"\n\t\t\t\t\tdata-action=\"url\"\n\t\t\t\t\tdata-color-scheme=\"\"\n\t\t\t\t\ttarget=\"\"\n\t\t\t\t\tclass=\"url-area\"\n\t\t\t\t\t>\n\t\t\t\t\t\t\t\t\t\t\t<area\n\t\t\t\t\tshape=\"polygon\"\n\t\t\t\t\tcoords=\"707,753,707,713,847,713,847,753\"\n\t\t\t\t\thref=\"https:\/\/harialanzarote.com\/garden-2\/species-of-flora\/18-acebuche-olea-cerasiformis-rivas-mart-del-arco\/\"\n\t\t\t\t\trel=\"\"\n\t\t\t\t\ttitle=\"18. Acebuche\"\n\t\t\t\t\talt=\"18. Acebuche\"\n\t\t\t\t\tdata-action=\"url\"\n\t\t\t\t\tdata-color-scheme=\"\"\n\t\t\t\t\ttarget=\"\"\n\t\t\t\t\tclass=\"url-area\"\n\t\t\t\t\t>\n\t\t\t\t\t\t\t\t\t\t\t<area\n\t\t\t\t\tshape=\"polygon\"\n\t\t\t\t\tcoords=\"709,793,709,762,1043,762,1043,793\"\n\t\t\t\t\thref=\"https:\/\/harialanzarote.com\/garden-2\/species-of-flora\/19-lagrimas-de-virgen-pancratium-canariense-ker-gawl\/\"\n\t\t\t\t\trel=\"\"\n\t\t\t\t\ttitle=\"19. L\u00e1grimas de virgen\"\n\t\t\t\t\talt=\"19. L\u00e1grimas de virgen\"\n\t\t\t\t\tdata-action=\"url\"\n\t\t\t\t\tdata-color-scheme=\"\"\n\t\t\t\t\ttarget=\"\"\n\t\t\t\t\tclass=\"url-area\"\n\t\t\t\t\t>\n\t\t\t\t\t\t\t\t\t\t\t<area\n\t\t\t\t\tshape=\"polygon\"\n\t\t\t\t\tcoords=\"711,839,711,805,1026,805,1026,839\"\n\t\t\t\t\thref=\"https:\/\/harialanzarote.com\/wp-admin\/post.php?post=1361&action=edit\"\n\t\t\t\t\trel=\"\"\n\t\t\t\t\ttitle=\"20. Palmera canaria\"\n\t\t\t\t\talt=\"20. Palmera canaria\"\n\t\t\t\t\tdata-action=\"url\"\n\t\t\t\t\tdata-color-scheme=\"\"\n\t\t\t\t\ttarget=\"\"\n\t\t\t\t\tclass=\"url-area\"\n\t\t\t\t\t>\n\t\t\t\t\t\t\t\t\t\t\t<area\n\t\t\t\t\tshape=\"polygon\"\n\t\t\t\t\tcoords=\"709,883,709,845,934,845,934,883\"\n\t\t\t\t\thref=\"https:\/\/harialanzarote.com\/garden-2\/species-of-flora\/21-cardon-euphorbia-canariensis\/\"\n\t\t\t\t\trel=\"\"\n\t\t\t\t\ttitle=\"21. Card\u00f3n\"\n\t\t\t\t\talt=\"21. Card\u00f3n\"\n\t\t\t\t\tdata-action=\"url\"\n\t\t\t\t\tdata-color-scheme=\"\"\n\t\t\t\t\ttarget=\"\"\n\t\t\t\t\tclass=\"url-area\"\n\t\t\t\t\t>\n\t\t\t\t\t\t\t\t\t\t\t<area\n\t\t\t\t\tshape=\"polygon\"\n\t\t\t\t\tcoords=\"711,926,711,890,1044,890,1044,926\"\n\t\t\t\t\thref=\"https:\/\/harialanzarote.com\/garden-2\/species-of-flora\/21-cardon-euphorbia-canariensis\/\"\n\t\t\t\t\trel=\"\"\n\t\t\t\t\ttitle=\"21. Card\u00f3n\"\n\t\t\t\t\talt=\"21. Card\u00f3n\"\n\t\t\t\t\tdata-action=\"url\"\n\t\t\t\t\tdata-color-scheme=\"\"\n\t\t\t\t\ttarget=\"\"\n\t\t\t\t\tclass=\"url-area\"\n\t\t\t\t\t>\n\t\t\t\t\t\t\t\t\t\t\t<area\n\t\t\t\t\tshape=\"polygon\"\n\t\t\t\t\tcoords=\"711,927,711,893,1039,893,1039,927\"\n\t\t\t\t\thref=\"https:\/\/harialanzarote.com\/garden-2\/species-of-flora\/22-matorrisco-comun-lavandula-canariensis-mill\/\"\n\t\t\t\t\trel=\"\"\n\t\t\t\t\ttitle=\"22. Matorrisco com\u00fan\"\n\t\t\t\t\talt=\"22. Matorrisco com\u00fan\"\n\t\t\t\t\tdata-action=\"url\"\n\t\t\t\t\tdata-color-scheme=\"\"\n\t\t\t\t\ttarget=\"\"\n\t\t\t\t\tclass=\"url-area\"\n\t\t\t\t\t>\n\t\t\t\t\t\t\t\t\t\t\t<area\n\t\t\t\t\tshape=\"polygon\"\n\t\t\t\t\tcoords=\"711,969,711,938,923,938,923,969\"\n\t\t\t\t\thref=\"https:\/\/harialanzarote.com\/garden-2\/species-of-flora\/23-verol-kleinia-neriifolia-haw\/\"\n\t\t\t\t\trel=\"\"\n\t\t\t\t\ttitle=\"23. Verol\"\n\t\t\t\t\talt=\"23. Verol\"\n\t\t\t\t\tdata-action=\"url\"\n\t\t\t\t\tdata-color-scheme=\"\"\n\t\t\t\t\ttarget=\"\"\n\t\t\t\t\tclass=\"url-area\"\n\t\t\t\t\t>\n\t\t\t\t\t\t\t\t\t\t\t<area\n\t\t\t\t\tshape=\"polygon\"\n\t\t\t\t\tcoords=\"1090,709,1090,671,1349,671,1349,709\"\n\t\t\t\t\thref=\"https:\/\/harialanzarote.com\/garden-2\/species-of-flora\/24-duraznillo-ceballosia-fruticosa-l-fil-kunkel\/\"\n\t\t\t\t\trel=\"\"\n\t\t\t\t\ttitle=\"24. Duraznillo\"\n\t\t\t\t\talt=\"24. Duraznillo\"\n\t\t\t\t\tdata-action=\"url\"\n\t\t\t\t\tdata-color-scheme=\"\"\n\t\t\t\t\ttarget=\"\"\n\t\t\t\t\tclass=\"url-area\"\n\t\t\t\t\t>\n\t\t\t\t\t\t\t\t\t\t\t<area\n\t\t\t\t\tshape=\"polygon\"\n\t\t\t\t\tcoords=\"1095,752,1095,709,1181,709,1181,752\"\n\t\t\t\t\thref=\"https:\/\/harialanzarote.com\/garden-2\/species-of-flora\/25-guaydil-convolvulus-floridus-l-fil\/\"\n\t\t\t\t\trel=\"\"\n\t\t\t\t\ttitle=\"25. Guaydil\"\n\t\t\t\t\talt=\"25. Guaydil\"\n\t\t\t\t\tdata-action=\"url\"\n\t\t\t\t\tdata-color-scheme=\"\"\n\t\t\t\t\ttarget=\"\"\n\t\t\t\t\tclass=\"url-area\"\n\t\t\t\t\t>\n\t\t\t\t\t\t\t\t\t\t\t<area\n\t\t\t\t\tshape=\"polygon\"\n\t\t\t\t\tcoords=\"1090,794,1090,757,1378,757,1378,794\"\n\t\t\t\t\thref=\"https:\/\/harialanzarote.com\/garden-2\/species-of-flora\/26-salvia-canaria-salvia-canariensis-l\/\"\n\t\t\t\t\trel=\"\"\n\t\t\t\t\ttitle=\"26. Salvia canaria\"\n\t\t\t\t\talt=\"26. Salvia canaria\"\n\t\t\t\t\tdata-action=\"url\"\n\t\t\t\t\tdata-color-scheme=\"\"\n\t\t\t\t\ttarget=\"\"\n\t\t\t\t\tclass=\"url-area\"\n\t\t\t\t\t>\n\t\t\t\t\t\t\t\t\t\t\t<area\n\t\t\t\t\tshape=\"polygon\"\n\t\t\t\t\tcoords=\"1092,839,1092,804,1222,804,1222,839\"\n\t\t\t\t\thref=\"https:\/\/harialanzarote.com\/garden-2\/species-of-flora\/27-mostacilla-lobularia-canariensis-dc-l-borgen-subsp-marginata-webb-l-borgen\/\"\n\t\t\t\t\trel=\"\"\n\t\t\t\t\ttitle=\"27. Mostacilla\"\n\t\t\t\t\talt=\"27. Mostacilla\"\n\t\t\t\t\tdata-action=\"url\"\n\t\t\t\t\tdata-color-scheme=\"\"\n\t\t\t\t\ttarget=\"\"\n\t\t\t\t\tclass=\"url-area\"\n\t\t\t\t\t>\n\t\t\t\t\t\t\t\t\t\t\t<area\n\t\t\t\t\tshape=\"polygon\"\n\t\t\t\t\tcoords=\"1086,882,1086,849,1473,849,1473,882\"\n\t\t\t\t\thref=\"https:\/\/harialanzarote.com\/garden-2\/species-of-flora\/28-esparragon-asparagus-arborescens-willd-ex-schult-schult-f\/\"\n\t\t\t\t\trel=\"\"\n\t\t\t\t\ttitle=\"28. Esparrag\u00f3n\"\n\t\t\t\t\talt=\"28. Esparrag\u00f3n\"\n\t\t\t\t\tdata-action=\"url\"\n\t\t\t\t\tdata-color-scheme=\"\"\n\t\t\t\t\ttarget=\"\"\n\t\t\t\t\tclass=\"url-area\"\n\t\t\t\t\t>\n\t\t\t\t\t\t\t\t\t\t\t<area\n\t\t\t\t\tshape=\"polygon\"\n\t\t\t\t\tcoords=\"1093,930,1093,892,1313,892,1313,930\"\n\t\t\t\t\thref=\"https:\/\/harialanzarote.com\/garden-2\/species-of-flora\/29-tarajal-tamarix-canariensis-willd\/\"\n\t\t\t\t\trel=\"\"\n\t\t\t\t\ttitle=\"29. Tarajal\"\n\t\t\t\t\talt=\"29. Tarajal\"\n\t\t\t\t\tdata-action=\"url\"\n\t\t\t\t\tdata-color-scheme=\"\"\n\t\t\t\t\ttarget=\"\"\n\t\t\t\t\tclass=\"url-area\"\n\t\t\t\t\t>\n\t\t\t\t\t\t\t\t\t\t\t<area\n\t\t\t\t\tshape=\"polygon\"\n\t\t\t\t\tcoords=\"845,1093,845,1050,965,1050,965,1093\"\n\t\t\t\t\thref=\"https:\/\/harialanzarote.com\/garden-2\/species-of-flora\/30-tasaigo-rubia-fruticosa-aiton\/\"\n\t\t\t\t\trel=\"\"\n\t\t\t\t\ttitle=\"30. Tasaigo\"\n\t\t\t\t\talt=\"30. Tasaigo\"\n\t\t\t\t\tdata-action=\"url\"\n\t\t\t\t\tdata-color-scheme=\"\"\n\t\t\t\t\ttarget=\"\"\n\t\t\t\t\tclass=\"url-area\"\n\t\t\t\t\t>\n\t\t\t\t\t\t\t\t\t\t\t<area\n\t\t\t\t\tshape=\"polygon\"\n\t\t\t\t\tcoords=\"865,1140,865,1104,1162,1104,1162,1140\"\n\t\t\t\t\thref=\"https:\/\/harialanzarote.com\/garden-2\/species-of-flora\/31-retama-blanca-canaria-retama-rhodorhizoides-webb-berthel\/\"\n\t\t\t\t\trel=\"\"\n\t\t\t\t\ttitle=\"31. Retama blanca canaria\"\n\t\t\t\t\talt=\"31. Retama blanca canaria\"\n\t\t\t\t\tdata-action=\"url\"\n\t\t\t\t\tdata-color-scheme=\"\"\n\t\t\t\t\ttarget=\"\"\n\t\t\t\t\tclass=\"url-area\"\n\t\t\t\t\t>\n\t\t\t\t\t\t\t\t\t\t\t<area\n\t\t\t\t\tshape=\"polygon\"\n\t\t\t\t\tcoords=\"883,1178,883,1147,1103,1147,1103,1178\"\n\t\t\t\t\thref=\"https:\/\/harialanzarote.com\/garden-2\/species-of-flora\/32-asparagus-horridus-asparagus-horridus-l\/\"\n\t\t\t\t\trel=\"\"\n\t\t\t\t\ttitle=\"32. Asparagus horridus\"\n\t\t\t\t\talt=\"32. Asparagus horridus\"\n\t\t\t\t\tdata-action=\"url\"\n\t\t\t\t\tdata-color-scheme=\"\"\n\t\t\t\t\ttarget=\"\"\n\t\t\t\t\tclass=\"url-area\"\n\t\t\t\t\t>\n\t\t\t\t\t\t\t\t\t\t\t<area\n\t\t\t\t\tshape=\"polygon\"\n\t\t\t\t\tcoords=\"903,1225,903,1189,1182,1189,1182,1225\"\n\t\t\t\t\thref=\"https:\/\/harialanzarote.com\/garden-2\/species-of-flora\/33-pino-canario-pinus-canariensis-c-sm-ex-dc\/\"\n\t\t\t\t\trel=\"\"\n\t\t\t\t\ttitle=\"33. Pino canario\"\n\t\t\t\t\talt=\"33. Pino canario\"\n\t\t\t\t\tdata-action=\"url\"\n\t\t\t\t\tdata-color-scheme=\"\"\n\t\t\t\t\ttarget=\"\"\n\t\t\t\t\tclass=\"url-area\"\n\t\t\t\t\t>\n\t\t\t\t\t\t\t\t\t\t\t<area\n\t\t\t\t\tshape=\"polygon\"\n\t\t\t\t\tcoords=\"930,1266,930,1232,1046,1232,1046,1266\"\n\t\t\t\t\thref=\"https:\/\/harialanzarote.com\/garden-2\/species-of-flora\/34-lentisco-pistacia-lentiscus\/\"\n\t\t\t\t\trel=\"\"\n\t\t\t\t\ttitle=\"34. Lentisco\"\n\t\t\t\t\talt=\"34. Lentisco\"\n\t\t\t\t\tdata-action=\"url\"\n\t\t\t\t\tdata-color-scheme=\"\"\n\t\t\t\t\ttarget=\"\"\n\t\t\t\t\tclass=\"url-area\"\n\t\t\t\t\t>\n\t\t\t\t\t\t\t\t\t\t\t<area\n\t\t\t\t\tshape=\"polygon\"\n\t\t\t\t\tcoords=\"954,1308,954,1273,1112,1273,1112,1308\"\n\t\t\t\t\thref=\"https:\/\/harialanzarote.com\/garden-2\/species-of-flora\/35-rascapintina-fagonia-cretica-l\/\"\n\t\t\t\t\trel=\"\"\n\t\t\t\t\ttitle=\"35. Rascapintina\"\n\t\t\t\t\talt=\"35. Rascapintina\"\n\t\t\t\t\tdata-action=\"url\"\n\t\t\t\t\tdata-color-scheme=\"\"\n\t\t\t\t\ttarget=\"\"\n\t\t\t\t\tclass=\"url-area\"\n\t\t\t\t\t>\n\t\t\t\t\t\t\t\t\t\t\t<area\n\t\t\t\t\tshape=\"polygon\"\n\t\t\t\t\tcoords=\"1230,1090,1230,1053,1458,1053,1458,1090\"\n\t\t\t\t\thref=\"https:\/\/harialanzarote.com\/garden-2\/species-of-flora\/36-drago-dracaena-draco\/\"\n\t\t\t\t\trel=\"\"\n\t\t\t\t\ttitle=\"36. Drago\"\n\t\t\t\t\talt=\"36. Drago\"\n\t\t\t\t\tdata-action=\"url\"\n\t\t\t\t\tdata-color-scheme=\"\"\n\t\t\t\t\ttarget=\"\"\n\t\t\t\t\tclass=\"url-area\"\n\t\t\t\t\t>\n\t\t\t\t\t\t\t\t\t\t\t<area\n\t\t\t\t\tshape=\"polygon\"\n\t\t\t\t\tcoords=\"1226,1131,1226,1096,1364,1096,1364,1131\"\n\t\t\t\t\thref=\"https:\/\/harialanzarote.com\/garden-2\/species-of-flora\/37-servilleta-astydamia-latifolia-l-f-baill\/\"\n\t\t\t\t\trel=\"\"\n\t\t\t\t\ttitle=\"37. Servilleta\"\n\t\t\t\t\talt=\"37. Servilleta\"\n\t\t\t\t\tdata-action=\"url\"\n\t\t\t\t\tdata-color-scheme=\"\"\n\t\t\t\t\ttarget=\"\"\n\t\t\t\t\tclass=\"url-area\"\n\t\t\t\t\t>\n\t\t\t\t\t\t\t\t\t\t\t<area\n\t\t\t\t\tshape=\"polygon\"\n\t\t\t\t\tcoords=\"1230,1180,1230,1141,1435,1141,1435,1180\"\n\t\t\t\t\thref=\"https:\/\/harialanzarote.com\/garden-2\/species-of-flora\/38-coronilla-moruna-coronilla-viminalis-salisb\/\"\n\t\t\t\t\trel=\"\"\n\t\t\t\t\ttitle=\"38. Coronilla moruna\"\n\t\t\t\t\talt=\"38. Coronilla moruna\"\n\t\t\t\t\tdata-action=\"url\"\n\t\t\t\t\tdata-color-scheme=\"\"\n\t\t\t\t\ttarget=\"\"\n\t\t\t\t\tclass=\"url-area\"\n\t\t\t\t\t>\n\t\t\t\t\t\t\t\t\t\t\t<area\n\t\t\t\t\tshape=\"polygon\"\n\t\t\t\t\tcoords=\"1231,1223,1231,1185,1406,1185,1406,1223\"\n\t\t\t\t\thref=\"https:\/\/harialanzarote.com\/garden-2\/species-of-flora\/39-tabaiba-dulce-euphorbia-balsamifera-aiton-subsi-balsamifera\/\"\n\t\t\t\t\trel=\"\"\n\t\t\t\t\ttitle=\"39. Tabaiba dulce\"\n\t\t\t\t\talt=\"39. Tabaiba dulce\"\n\t\t\t\t\tdata-action=\"url\"\n\t\t\t\t\tdata-color-scheme=\"\"\n\t\t\t\t\ttarget=\"\"\n\t\t\t\t\tclass=\"url-area\"\n\t\t\t\t\t>\n\t\t\t\t\t\t\t\t\t\t\t<area\n\t\t\t\t\tshape=\"polygon\"\n\t\t\t\t\tcoords=\"1224,1266,1224,1230,1413,1230,1413,1266\"\n\t\t\t\t\thref=\"https:\/\/harialanzarote.com\/garden-2\/species-of-flora\/40-tabaiba-salvaje-euphorbia-regis-jubae-webb-berthel\/\"\n\t\t\t\t\trel=\"\"\n\t\t\t\t\ttitle=\"40. Tabaiba salvaje\"\n\t\t\t\t\talt=\"40. Tabaiba salvaje\"\n\t\t\t\t\tdata-action=\"url\"\n\t\t\t\t\tdata-color-scheme=\"\"\n\t\t\t\t\ttarget=\"\"\n\t\t\t\t\tclass=\"url-area\"\n\t\t\t\t\t>\n\t\t\t\t\t\t\t\t\t\t\t<area\n\t\t\t\t\tshape=\"polygon\"\n\t\t\t\t\tcoords=\"1231,1307,1231,1273,1366,1273,1366,1307\"\n\t\t\t\t\thref=\"https:\/\/harialanzarote.com\/garden-2\/species-of-flora\/41-romerillo-spergularia-fimbriata-boiss-reut\/\"\n\t\t\t\t\trel=\"\"\n\t\t\t\t\ttitle=\"41. Romerillo\"\n\t\t\t\t\talt=\"41. Romerillo\"\n\t\t\t\t\tdata-action=\"url\"\n\t\t\t\t\tdata-color-scheme=\"\"\n\t\t\t\t\ttarget=\"\"\n\t\t\t\t\tclass=\"url-area\"\n\t\t\t\t\t>\n\t\t\t\t\t\t\t\t\t\t\t<area\n\t\t\t\t\tshape=\"polygon\"\n\t\t\t\t\tcoords=\"1228,1352,1228,1316,1469,1316,1469,1352\"\n\t\t\t\t\thref=\"https:\/\/harialanzarote.com\/garden-2\/species-of-flora\/42-cornical-periploca-laevigata-aiton\/\"\n\t\t\t\t\trel=\"\"\n\t\t\t\t\ttitle=\"42. Cornical\"\n\t\t\t\t\talt=\"42. Cornical\"\n\t\t\t\t\tdata-action=\"url\"\n\t\t\t\t\tdata-color-scheme=\"\"\n\t\t\t\t\ttarget=\"\"\n\t\t\t\t\tclass=\"url-area\"\n\t\t\t\t\t>\n\t\t\t\t\t\t\t\t\t\t\t<area\n\t\t\t\t\tshape=\"polygon\"\n\t\t\t\t\tcoords=\"1224,1399,1224,1363,1344,1363,1344,1399\"\n\t\t\t\t\thref=\"https:\/\/harialanzarote.com\/garden-2\/species-of-flora\/43-salado-atriplex-halimus-l\/\"\n\t\t\t\t\trel=\"\"\n\t\t\t\t\ttitle=\"43. Salado\"\n\t\t\t\t\talt=\"43. Salado\"\n\t\t\t\t\tdata-action=\"url\"\n\t\t\t\t\tdata-color-scheme=\"\"\n\t\t\t\t\ttarget=\"\"\n\t\t\t\t\tclass=\"url-area\"\n\t\t\t\t\t>\n\t\t\t\t\t\t\t\t\t\t\t<area\n\t\t\t\t\tshape=\"polygon\"\n\t\t\t\t\tcoords=\"1231,1442,1231,1403,1338,1403,1338,1442\"\n\t\t\t\t\thref=\"https:\/\/harialanzarote.com\/garden-2\/species-of-flora\/44-beleno-hyoscyamus-albus-l\/\"\n\t\t\t\t\trel=\"\"\n\t\t\t\t\ttitle=\"44. Bele\u00f1o\"\n\t\t\t\t\talt=\"44. Bele\u00f1o\"\n\t\t\t\t\tdata-action=\"url\"\n\t\t\t\t\tdata-color-scheme=\"\"\n\t\t\t\t\ttarget=\"\"\n\t\t\t\t\tclass=\"url-area\"\n\t\t\t\t\t>\n\t\t\t\t\t\t\t\t\t\t\t<area\n\t\t\t\t\tshape=\"polygon\"\n\t\t\t\t\tcoords=\"1224,1509,1224,1467,1395,1467,1395,1509\"\n\t\t\t\t\thref=\"https:\/\/harialanzarote.com\/garden-2\/the-pond\/\"\n\t\t\t\t\trel=\"\"\n\t\t\t\t\ttitle=\"The Pond\/charca\"\n\t\t\t\t\talt=\"The Pond\/charca\"\n\t\t\t\t\tdata-action=\"url\"\n\t\t\t\t\tdata-color-scheme=\"\"\n\t\t\t\t\ttarget=\"\"\n\t\t\t\t\tclass=\"url-area\"\n\t\t\t\t\t>\n\t\t\t\t\t\t\t\t\t\t\t<area\n\t\t\t\t\tshape=\"polygon\"\n\t\t\t\t\tcoords=\"1231,1585,1231,1518,1478,1518,1478,1585\"\n\t\t\t\t\thref=\"https:\/\/harialanzarote.com\/visit\/\"\n\t\t\t\t\trel=\"\"\n\t\t\t\t\ttitle=\"65. Garden apartment\/ apartment con jardin\"\n\t\t\t\t\talt=\"65. Garden apartment\/ apartment con jardin\"\n\t\t\t\t\tdata-action=\"url\"\n\t\t\t\t\tdata-color-scheme=\"\"\n\t\t\t\t\ttarget=\"\"\n\t\t\t\t\tclass=\"url-area\"\n\t\t\t\t\t>\n\t\t\t\t\t<\/map>\n\n\t\t\n\t\t\t\t\t\t\t\t\t\t\t\t\t\t\t\t\t\t\t\t\t\t\t\t\t\t\t\t\t\t\t\t\t\t\t\t\t\t\t\t\t\t\t\t\t\t\t\t\t\t\t\t\t\t\t\t\t\t\t\t\t\t\t\t\t\t\t\t\t\t\t\t\t\t\t\t\t\t\t\t\t\t\t\t\t\t\t\t\t\t\t\t\t\t\t\t\t\t\t\t\t\t\t\t\t\t\t\t\t\t\t\t\t\t\t\t\t\t\t\t\t\t\t\t\t\t\t\t\t\t\t\t\t\t\t\t\t\t\t\t\t\t\t\t\t\t\t<\/div>\n\n\n<\/div>\n\n\n\n<p><\/p>","protected":false},"excerpt":{"rendered":"<p>Haga clic en cualquiera de las descripciones de las plantas para acceder a m\u00e1s informaci\u00f3n sobre la especie.<\/p>","protected":false},"author":1,"featured_media":0,"parent":1261,"menu_order":0,"comment_status":"closed","ping_status":"closed","template":"","meta":{"footnotes":""},"class_list":["post-1455","page","type-page","status-publish","hentry"],"_links":{"self":[{"href":"https:\/\/harialanzarote.com\/es\/wp-json\/wp\/v2\/pages\/1455","targetHints":{"allow":["GET"]}}],"collection":[{"href":"https:\/\/harialanzarote.com\/es\/wp-json\/wp\/v2\/pages"}],"about":[{"href":"https:\/\/harialanzarote.com\/es\/wp-json\/wp\/v2\/types\/page"}],"author":[{"embeddable":true,"href":"https:\/\/harialanzarote.com\/es\/wp-json\/wp\/v2\/users\/1"}],"replies":[{"embeddable":true,"href":"https:\/\/harialanzarote.com\/es\/wp-json\/wp\/v2\/comments?post=1455"}],"version-history":[{"count":6,"href":"https:\/\/harialanzarote.com\/es\/wp-json\/wp\/v2\/pages\/1455\/revisions"}],"predecessor-version":[{"id":1970,"href":"https:\/\/harialanzarote.com\/es\/wp-json\/wp\/v2\/pages\/1455\/revisions\/1970"}],"up":[{"embeddable":true,"href":"https:\/\/harialanzarote.com\/es\/wp-json\/wp\/v2\/pages\/1261"}],"wp:attachment":[{"href":"https:\/\/harialanzarote.com\/es\/wp-json\/wp\/v2\/media?parent=1455"}],"curies":[{"name":"wp","href":"https:\/\/api.w.org\/{rel}","templated":true}]}}