{"id":1438,"date":"2025-07-07T11:58:16","date_gmt":"2025-07-07T10:58:16","guid":{"rendered":"https:\/\/harialanzarote.com\/?page_id=1438"},"modified":"2025-08-04T14:00:03","modified_gmt":"2025-08-04T13:00:03","slug":"44-beleno-hyoscyamus-albus-l","status":"publish","type":"page","link":"https:\/\/harialanzarote.com\/es\/garden-2\/species-of-flora\/native-to-canary-islands-macaronesia-northwest-africa\/44-beleno-hyoscyamus-albus-l\/","title":{"rendered":"44. Bele\u00f1o (Hyoscyamus albus L.)"},"content":{"rendered":"<p>Nativa de las Islas Canarias, Macaronesia y el noroeste de \u00c1frica.<\/p>\n\n\n\n<p>Solanaceae &#8211; hyoscyamus<\/p>\n\n\n\n<p>Florece de enero a octubre<\/p>\n\n\n\n<p>Planta perenne que crece hasta 50 cm de altura, tallos de hojas peludas que dan lugar a una exhibici\u00f3n de flores con 5 p\u00e9talos de color amarillo p\u00e1lido y gargantas de color p\u00farpura oscuro.<\/p>\n\n\n\n<p>Tradicionalmente se utiliza como medicamento para m\u00faltiples prop\u00f3sitos (hemorroides, infecciones de garganta, dolor de muelas) y para tratar la mastitis en cabras. Pertenece a la familia de las solan\u00e1ceas y no es apta para la alimentaci\u00f3n del ganado.<\/p>\n\n\n\n<figure class=\"wp-block-image size-full is-resized\"><img loading=\"lazy\" decoding=\"async\" width=\"991\" height=\"1000\" src=\"https:\/\/harialanzarote.com\/wp-content\/uploads\/2025\/07\/44.-beleno.jpg\" alt=\"\" class=\"wp-image-1439\" style=\"width:1200px;height:auto\" srcset=\"https:\/\/harialanzarote.com\/wp-content\/uploads\/2025\/07\/44.-beleno.jpg 991w, https:\/\/harialanzarote.com\/wp-content\/uploads\/2025\/07\/44.-beleno-297x300.jpg 297w, https:\/\/harialanzarote.com\/wp-content\/uploads\/2025\/07\/44.-beleno-150x150.jpg 150w, https:\/\/harialanzarote.com\/wp-content\/uploads\/2025\/07\/44.-beleno-768x775.jpg 768w, https:\/\/harialanzarote.com\/wp-content\/uploads\/2025\/07\/44.-beleno-12x12.jpg 12w\" sizes=\"auto, (max-width: 991px) 100vw, 991px\" \/><\/figure>","protected":false},"excerpt":{"rendered":"<p>Native to Canary Islands Solanaceae &#8211; hyoscyamus Flowers Jan-Oct Perennial plant growing up to 50cm tall, stalks of furry leaves leading to a display of flowers with 5 pale yellow petals and dark purple throats. Traditionally used as medicine for multiple purposes (hemorrhoids, throat infections, toothaches) and to treat mastitis in goats. Part of the [&hellip;]<\/p>\n","protected":false},"author":1,"featured_media":0,"parent":1927,"menu_order":0,"comment_status":"closed","ping_status":"closed","template":"","meta":{"footnotes":""},"class_list":["post-1438","page","type-page","status-publish","hentry"],"_links":{"self":[{"href":"https:\/\/harialanzarote.com\/es\/wp-json\/wp\/v2\/pages\/1438","targetHints":{"allow":["GET"]}}],"collection":[{"href":"https:\/\/harialanzarote.com\/es\/wp-json\/wp\/v2\/pages"}],"about":[{"href":"https:\/\/harialanzarote.com\/es\/wp-json\/wp\/v2\/types\/page"}],"author":[{"embeddable":true,"href":"https:\/\/harialanzarote.com\/es\/wp-json\/wp\/v2\/users\/1"}],"replies":[{"embeddable":true,"href":"https:\/\/harialanzarote.com\/es\/wp-json\/wp\/v2\/comments?post=1438"}],"version-history":[{"count":1,"href":"https:\/\/harialanzarote.com\/es\/wp-json\/wp\/v2\/pages\/1438\/revisions"}],"predecessor-version":[{"id":1440,"href":"https:\/\/harialanzarote.com\/es\/wp-json\/wp\/v2\/pages\/1438\/revisions\/1440"}],"up":[{"embeddable":true,"href":"https:\/\/harialanzarote.com\/es\/wp-json\/wp\/v2\/pages\/1927"}],"wp:attachment":[{"href":"https:\/\/harialanzarote.com\/es\/wp-json\/wp\/v2\/media?parent=1438"}],"curies":[{"name":"wp","href":"https:\/\/api.w.org\/{rel}","templated":true}]}}