{"id":1435,"date":"2025-07-07T11:43:03","date_gmt":"2025-07-07T10:43:03","guid":{"rendered":"https:\/\/harialanzarote.com\/?page_id=1435"},"modified":"2025-08-04T13:59:44","modified_gmt":"2025-08-04T12:59:44","slug":"43-salado-atriplex-halimus-l","status":"publish","type":"page","link":"https:\/\/harialanzarote.com\/es\/garden-2\/species-of-flora\/native-to-canary-islands-macaronesia-northwest-africa\/43-salado-atriplex-halimus-l\/","title":{"rendered":"43. Salado (Atriplex halimus L.)"},"content":{"rendered":"<p>Nativa de las Islas Canarias, Macaronesia y el noroeste de \u00c1frica.<\/p>\n\n\n\n<p>Amaranthaceae &#8211; atriplex<\/p>\n\n\n\n<p>Florece de junio a noviembre.<\/p>\n\n\n\n<p>Arbusto le\u00f1oso con muchas ramas, intrincado y frondoso, que puede alcanzar desde 50 cm hasta 3 metros. Ramas gris\u00e1ceas con hojas ovaladas de color verde gris\u00e1ceo p\u00e1lido. Las flores se producen a lo largo de las ramas terminales en racimos. Tradicionalmente utilizado como forraje fiable para animales.<\/p>\n\n\n\n<figure class=\"wp-block-image size-large is-resized\"><img loading=\"lazy\" decoding=\"async\" width=\"1024\" height=\"456\" src=\"https:\/\/harialanzarote.com\/wp-content\/uploads\/2025\/07\/43.salado-1024x456.jpg\" alt=\"\" class=\"wp-image-1436\" style=\"width:1200px;height:auto\" srcset=\"https:\/\/harialanzarote.com\/wp-content\/uploads\/2025\/07\/43.salado-1024x456.jpg 1024w, https:\/\/harialanzarote.com\/wp-content\/uploads\/2025\/07\/43.salado-300x134.jpg 300w, https:\/\/harialanzarote.com\/wp-content\/uploads\/2025\/07\/43.salado-768x342.jpg 768w, https:\/\/harialanzarote.com\/wp-content\/uploads\/2025\/07\/43.salado-18x8.jpg 18w, https:\/\/harialanzarote.com\/wp-content\/uploads\/2025\/07\/43.salado.jpg 1123w\" sizes=\"auto, (max-width: 1024px) 100vw, 1024px\" \/><\/figure>","protected":false},"excerpt":{"rendered":"<p>Native to Canary Islands Amaranthaceae &#8211; atriplex Flowers Jun-Nov Woody shrub with many branches, intricate and leafy, which can reach from 50cm up to 3 metres.&nbsp; Greyish branches with pale grey-green oval leaves. Flowers are produced along terminal branches in clusters. Traditionally used as reliable animal fodder.<\/p>","protected":false},"author":1,"featured_media":0,"parent":1927,"menu_order":0,"comment_status":"closed","ping_status":"closed","template":"","meta":{"footnotes":""},"class_list":["post-1435","page","type-page","status-publish","hentry"],"_links":{"self":[{"href":"https:\/\/harialanzarote.com\/es\/wp-json\/wp\/v2\/pages\/1435","targetHints":{"allow":["GET"]}}],"collection":[{"href":"https:\/\/harialanzarote.com\/es\/wp-json\/wp\/v2\/pages"}],"about":[{"href":"https:\/\/harialanzarote.com\/es\/wp-json\/wp\/v2\/types\/page"}],"author":[{"embeddable":true,"href":"https:\/\/harialanzarote.com\/es\/wp-json\/wp\/v2\/users\/1"}],"replies":[{"embeddable":true,"href":"https:\/\/harialanzarote.com\/es\/wp-json\/wp\/v2\/comments?post=1435"}],"version-history":[{"count":1,"href":"https:\/\/harialanzarote.com\/es\/wp-json\/wp\/v2\/pages\/1435\/revisions"}],"predecessor-version":[{"id":1437,"href":"https:\/\/harialanzarote.com\/es\/wp-json\/wp\/v2\/pages\/1435\/revisions\/1437"}],"up":[{"embeddable":true,"href":"https:\/\/harialanzarote.com\/es\/wp-json\/wp\/v2\/pages\/1927"}],"wp:attachment":[{"href":"https:\/\/harialanzarote.com\/es\/wp-json\/wp\/v2\/media?parent=1435"}],"curies":[{"name":"wp","href":"https:\/\/api.w.org\/{rel}","templated":true}]}}