{"id":1423,"date":"2025-07-07T11:36:28","date_gmt":"2025-07-07T10:36:28","guid":{"rendered":"https:\/\/harialanzarote.com\/?page_id=1423"},"modified":"2025-08-05T09:22:41","modified_gmt":"2025-08-05T08:22:41","slug":"39-tabaiba-dulce-euphorbia-balsamifera-aiton-subsi-balsamifera","status":"publish","type":"page","link":"https:\/\/harialanzarote.com\/es\/garden-2\/species-of-flora\/native-to-canary-islands-macaronesia-northwest-africa\/39-tabaiba-dulce-euphorbia-balsamifera-aiton-subsi-balsamifera\/","title":{"rendered":"39. Tabaiba dulce (Euphorbia balsamifera Aiton subsi. balsamifera)"},"content":{"rendered":"<p>Nativa de las Islas Canarias, Macaronesia y el noroeste de \u00c1frica.<\/p>\n\n\n\n<p>Euphorbiaceae &#8211; euphorbia<\/p>\n\n\n\n<p>Florece de enero a septiembre<\/p>\n\n\n\n<p>Arbusto suculento de hasta 80 cm de altura que secreta l\u00e1tex lechoso. Rosetas de hojas delgadas y ovaladas en los tallos. Flores de color amarillo verdoso en el \u00e1pice de cada ramita que finalmente dan frutos redondos. <\/p>\n\n\n\n<p>El nombre vern\u00e1culo parece provenir de la lengua ind\u00edgena de las Islas Canarias. Durante el siglo XX, el l\u00e1tex se recolectaba ocasionalmente en Lanzarote para su exportaci\u00f3n para la producci\u00f3n de chicle, conocido como <a href=\"https:\/\/maspalomas24h.uk\/Article\/5715\/Did-you-know-that-the-first-chewing-gum-with-a-registered-trademark-in-Spain-was-Canaria%3F\" data-type=\"link\" data-id=\"https:\/\/maspalomas24h.uk\/Article\/5715\/Did-you-know-that-the-first-chewing-gum-with-a-registered-trademark-in-Spain-was-Canaria%3F\">Tabay.<\/a> <\/p>\n\n\n\n<figure class=\"wp-block-image size-large is-resized\"><img loading=\"lazy\" decoding=\"async\" width=\"1024\" height=\"456\" src=\"https:\/\/harialanzarote.com\/wp-content\/uploads\/2025\/07\/39.tabdulce-1024x456.jpg\" alt=\"\" class=\"wp-image-1424\" style=\"width:1200px;height:auto\" srcset=\"https:\/\/harialanzarote.com\/wp-content\/uploads\/2025\/07\/39.tabdulce-1024x456.jpg 1024w, https:\/\/harialanzarote.com\/wp-content\/uploads\/2025\/07\/39.tabdulce-300x134.jpg 300w, https:\/\/harialanzarote.com\/wp-content\/uploads\/2025\/07\/39.tabdulce-768x342.jpg 768w, https:\/\/harialanzarote.com\/wp-content\/uploads\/2025\/07\/39.tabdulce-18x8.jpg 18w, https:\/\/harialanzarote.com\/wp-content\/uploads\/2025\/07\/39.tabdulce.jpg 1123w\" sizes=\"auto, (max-width: 1024px) 100vw, 1024px\" \/><\/figure>","protected":false},"excerpt":{"rendered":"<p>Native to Canary Islands Euphorbiaceae &#8211; euphorbia Flowers Jan-Sep Succulent shrub up to 80 cm tall, secretes milky latex. Rosettes of slim oval leaves on the stems. Greenish-yellow flowers at the apex of each twig, eventually bear round fruits. Vernacular name appears to come from the indigenous language of the Canary Islands. During the 20th [&hellip;]<\/p>\n","protected":false},"author":1,"featured_media":0,"parent":1927,"menu_order":0,"comment_status":"closed","ping_status":"closed","template":"","meta":{"footnotes":""},"class_list":["post-1423","page","type-page","status-publish","hentry"],"_links":{"self":[{"href":"https:\/\/harialanzarote.com\/es\/wp-json\/wp\/v2\/pages\/1423","targetHints":{"allow":["GET"]}}],"collection":[{"href":"https:\/\/harialanzarote.com\/es\/wp-json\/wp\/v2\/pages"}],"about":[{"href":"https:\/\/harialanzarote.com\/es\/wp-json\/wp\/v2\/types\/page"}],"author":[{"embeddable":true,"href":"https:\/\/harialanzarote.com\/es\/wp-json\/wp\/v2\/users\/1"}],"replies":[{"embeddable":true,"href":"https:\/\/harialanzarote.com\/es\/wp-json\/wp\/v2\/comments?post=1423"}],"version-history":[{"count":3,"href":"https:\/\/harialanzarote.com\/es\/wp-json\/wp\/v2\/pages\/1423\/revisions"}],"predecessor-version":[{"id":2009,"href":"https:\/\/harialanzarote.com\/es\/wp-json\/wp\/v2\/pages\/1423\/revisions\/2009"}],"up":[{"embeddable":true,"href":"https:\/\/harialanzarote.com\/es\/wp-json\/wp\/v2\/pages\/1927"}],"wp:attachment":[{"href":"https:\/\/harialanzarote.com\/es\/wp-json\/wp\/v2\/media?parent=1423"}],"curies":[{"name":"wp","href":"https:\/\/api.w.org\/{rel}","templated":true}]}}