{"id":1420,"date":"2025-07-07T11:34:23","date_gmt":"2025-07-07T10:34:23","guid":{"rendered":"https:\/\/harialanzarote.com\/?page_id=1420"},"modified":"2025-08-04T13:56:48","modified_gmt":"2025-08-04T12:56:48","slug":"38-coronilla-moruna-coronilla-viminalis-salisb","status":"publish","type":"page","link":"https:\/\/harialanzarote.com\/es\/garden-2\/species-of-flora\/native-to-canary-islands-macaronesia-northwest-africa\/38-coronilla-moruna-coronilla-viminalis-salisb\/","title":{"rendered":"38. Coronilla moruna (Coronilla viminalis Salisb.)"},"content":{"rendered":"<p>Nativa de las Islas Canarias, Macaronesia y el noroeste de \u00c1frica.<\/p>\n\n\n\n<p>Fabaceae &#8211; coronilla<\/p>\n\n\n\n<p>Flores de febrero a junio.<\/p>\n\n\n\n<p>Arbusto trepador de porte bajo, de hasta 2 metros de largo. Sus hojas de color verde azulado son imparipinnadas, con entre 10 y 40 pares de fol\u00edolos ovalados. Las flores se disponen en grupos de 3 a 10, formando una disposici\u00f3n circular que se asemeja a una peque\u00f1a corona, de ah\u00ed su nombre cient\u00edfico.&nbsp;<\/p>\n\n\n\n<figure class=\"wp-block-image size-large is-resized\"><img loading=\"lazy\" decoding=\"async\" width=\"1024\" height=\"456\" src=\"https:\/\/harialanzarote.com\/wp-content\/uploads\/2025\/07\/38.moruna-1024x456.jpg\" alt=\"\" class=\"wp-image-1421\" style=\"width:1200px;height:auto\" srcset=\"https:\/\/harialanzarote.com\/wp-content\/uploads\/2025\/07\/38.moruna-1024x456.jpg 1024w, https:\/\/harialanzarote.com\/wp-content\/uploads\/2025\/07\/38.moruna-300x134.jpg 300w, https:\/\/harialanzarote.com\/wp-content\/uploads\/2025\/07\/38.moruna-768x342.jpg 768w, https:\/\/harialanzarote.com\/wp-content\/uploads\/2025\/07\/38.moruna-18x8.jpg 18w, https:\/\/harialanzarote.com\/wp-content\/uploads\/2025\/07\/38.moruna.jpg 1123w\" sizes=\"auto, (max-width: 1024px) 100vw, 1024px\" \/><\/figure>","protected":false},"excerpt":{"rendered":"<p>Native to Canary Islands Fabaceae &#8211; coronilla Flowers Feb-Jun A low-growing, twining shrub up to 2 meters long. Its bluish-green leaves are odd-pinnate, with 10 to 40 pairs of oval leaflets. The flowers are arranged in groups of 3 to 10, forming a circular arrangement resembling a small crown, which is the origin of the [&hellip;]<\/p>\n","protected":false},"author":1,"featured_media":0,"parent":1927,"menu_order":0,"comment_status":"closed","ping_status":"closed","template":"","meta":{"footnotes":""},"class_list":["post-1420","page","type-page","status-publish","hentry"],"_links":{"self":[{"href":"https:\/\/harialanzarote.com\/es\/wp-json\/wp\/v2\/pages\/1420","targetHints":{"allow":["GET"]}}],"collection":[{"href":"https:\/\/harialanzarote.com\/es\/wp-json\/wp\/v2\/pages"}],"about":[{"href":"https:\/\/harialanzarote.com\/es\/wp-json\/wp\/v2\/types\/page"}],"author":[{"embeddable":true,"href":"https:\/\/harialanzarote.com\/es\/wp-json\/wp\/v2\/users\/1"}],"replies":[{"embeddable":true,"href":"https:\/\/harialanzarote.com\/es\/wp-json\/wp\/v2\/comments?post=1420"}],"version-history":[{"count":1,"href":"https:\/\/harialanzarote.com\/es\/wp-json\/wp\/v2\/pages\/1420\/revisions"}],"predecessor-version":[{"id":1422,"href":"https:\/\/harialanzarote.com\/es\/wp-json\/wp\/v2\/pages\/1420\/revisions\/1422"}],"up":[{"embeddable":true,"href":"https:\/\/harialanzarote.com\/es\/wp-json\/wp\/v2\/pages\/1927"}],"wp:attachment":[{"href":"https:\/\/harialanzarote.com\/es\/wp-json\/wp\/v2\/media?parent=1420"}],"curies":[{"name":"wp","href":"https:\/\/api.w.org\/{rel}","templated":true}]}}