{"id":1417,"date":"2025-07-07T11:32:30","date_gmt":"2025-07-07T10:32:30","guid":{"rendered":"https:\/\/harialanzarote.com\/?page_id=1417"},"modified":"2025-08-04T13:56:12","modified_gmt":"2025-08-04T12:56:12","slug":"37-servilleta-astydamia-latifolia-l-f-baill","status":"publish","type":"page","link":"https:\/\/harialanzarote.com\/es\/garden-2\/species-of-flora\/native-to-canary-islands-macaronesia-northwest-africa\/37-servilleta-astydamia-latifolia-l-f-baill\/","title":{"rendered":"37. Servilleta (Astydamia latifolia (L.f) Baill.)"},"content":{"rendered":"<p>Nativa de las Islas Canarias, Macaronesia y el noroeste de \u00c1frica.<\/p>\n\n\n\n<p>Apiaceae &#8211; astydamia<\/p>\n\n\n\n<p>Florece de enero a junio<\/p>\n\n\n\n<p>Planta perenne, con tallos gruesos y carnosos de hasta 50 cm de altura, hojas grandes y peque\u00f1as flores amarillentas dispuestas en forma de paraguas, que producen semillas anaranjadas. Es una planta comestible, con un sabor salado a apio y un alto contenido de vitamina C. Est\u00e1 bien documentado que se consum\u00eda tradicionalmente para abortos en mujeres y animales, y se cree que la planta fue tra\u00edda de las Islas Salvajes con ese fin.<\/p>\n\n\n\n<figure class=\"wp-block-image size-large is-resized\"><img loading=\"lazy\" decoding=\"async\" width=\"1024\" height=\"976\" src=\"https:\/\/harialanzarote.com\/wp-content\/uploads\/2025\/07\/37.servilleta-1024x976.jpg\" alt=\"\" class=\"wp-image-1418\" style=\"width:602px;height:auto\" srcset=\"https:\/\/harialanzarote.com\/wp-content\/uploads\/2025\/07\/37.servilleta-1024x976.jpg 1024w, https:\/\/harialanzarote.com\/wp-content\/uploads\/2025\/07\/37.servilleta-300x286.jpg 300w, https:\/\/harialanzarote.com\/wp-content\/uploads\/2025\/07\/37.servilleta-768x732.jpg 768w, https:\/\/harialanzarote.com\/wp-content\/uploads\/2025\/07\/37.servilleta-13x12.jpg 13w, https:\/\/harialanzarote.com\/wp-content\/uploads\/2025\/07\/37.servilleta.jpg 1049w\" sizes=\"auto, (max-width: 1024px) 100vw, 1024px\" \/><\/figure>","protected":false},"excerpt":{"rendered":"<p>Native to Canary Islands Apiaceae &#8211; astydamia Flowers Jan-Jun Perennial plant, thick fleshy stems up to 50cm tall with large leaves and small, yellowish flowers arranged like an umbrella, producing orange seeds. It is an edible plant, with a salty celery flavour and a significant vitamin C content. Well documented to have been traditionally consumed [&hellip;]<\/p>\n","protected":false},"author":1,"featured_media":0,"parent":1927,"menu_order":0,"comment_status":"closed","ping_status":"closed","template":"","meta":{"footnotes":""},"class_list":["post-1417","page","type-page","status-publish","hentry"],"_links":{"self":[{"href":"https:\/\/harialanzarote.com\/es\/wp-json\/wp\/v2\/pages\/1417","targetHints":{"allow":["GET"]}}],"collection":[{"href":"https:\/\/harialanzarote.com\/es\/wp-json\/wp\/v2\/pages"}],"about":[{"href":"https:\/\/harialanzarote.com\/es\/wp-json\/wp\/v2\/types\/page"}],"author":[{"embeddable":true,"href":"https:\/\/harialanzarote.com\/es\/wp-json\/wp\/v2\/users\/1"}],"replies":[{"embeddable":true,"href":"https:\/\/harialanzarote.com\/es\/wp-json\/wp\/v2\/comments?post=1417"}],"version-history":[{"count":1,"href":"https:\/\/harialanzarote.com\/es\/wp-json\/wp\/v2\/pages\/1417\/revisions"}],"predecessor-version":[{"id":1419,"href":"https:\/\/harialanzarote.com\/es\/wp-json\/wp\/v2\/pages\/1417\/revisions\/1419"}],"up":[{"embeddable":true,"href":"https:\/\/harialanzarote.com\/es\/wp-json\/wp\/v2\/pages\/1927"}],"wp:attachment":[{"href":"https:\/\/harialanzarote.com\/es\/wp-json\/wp\/v2\/media?parent=1417"}],"curies":[{"name":"wp","href":"https:\/\/api.w.org\/{rel}","templated":true}]}}