{"id":1413,"date":"2025-07-07T11:29:24","date_gmt":"2025-07-07T10:29:24","guid":{"rendered":"https:\/\/harialanzarote.com\/?page_id=1413"},"modified":"2025-08-04T13:54:55","modified_gmt":"2025-08-04T12:54:55","slug":"36-drago-dracaena-draco","status":"publish","type":"page","link":"https:\/\/harialanzarote.com\/es\/garden-2\/species-of-flora\/native-to-canary-islands-macaronesia-northwest-africa\/36-drago-dracaena-draco\/","title":{"rendered":"36. \u00c1rbol drago (Dracaena draco)"},"content":{"rendered":"<p>Nativa de las Islas Canarias, Macaronesia y el noroeste de \u00c1frica.<\/p>\n\n\n\n<p>Asparagaceae &#8211; dracaena<\/p>\n\n\n\n<p>Florece en verano<\/p>\n\n\n\n<p>\u00c1rbol perenne y longevo, capaz de superar los 15 m de altura, con corteza lisa, aunque no le\u00f1osa. Conocido por sus ra\u00edces a\u00e9reas y ramificaci\u00f3n dicot\u00f3mica, presenta coronas de hojas lanceoladas. Las flores aparecen en la copa durante los meses de verano. La corteza puede secretar una resina rojiza, conocida localmente como \u00absangre de drago\u00bb.&nbsp;<\/p>\n\n\n\n<p>&gt; en peligro de extinci\u00f3n<\/p>\n\n\n\n<figure class=\"wp-block-image size-large is-resized\"><img loading=\"lazy\" decoding=\"async\" width=\"1024\" height=\"456\" src=\"https:\/\/harialanzarote.com\/wp-content\/uploads\/2025\/07\/36.drago_-1024x456.jpg\" alt=\"\" class=\"wp-image-1414\" style=\"width:1200px;height:auto\" srcset=\"https:\/\/harialanzarote.com\/wp-content\/uploads\/2025\/07\/36.drago_-1024x456.jpg 1024w, https:\/\/harialanzarote.com\/wp-content\/uploads\/2025\/07\/36.drago_-300x134.jpg 300w, https:\/\/harialanzarote.com\/wp-content\/uploads\/2025\/07\/36.drago_-768x342.jpg 768w, https:\/\/harialanzarote.com\/wp-content\/uploads\/2025\/07\/36.drago_-18x8.jpg 18w, https:\/\/harialanzarote.com\/wp-content\/uploads\/2025\/07\/36.drago_.jpg 1123w\" sizes=\"auto, (max-width: 1024px) 100vw, 1024px\" \/><\/figure>","protected":false},"excerpt":{"rendered":"<p>Native to Canary Islands Asparagaceae &#8211; dracaena Flowers in summer An evergreen, long-lived tree capable of exceeding 15 m height, with smooth bark though not woody. Known for its aerial roots and dichotomous branching, bearing crowns of spear-like leaves. Flowers appear at crown during summer months. The bark can secrete a reddish resin, known locally [&hellip;]<\/p>\n","protected":false},"author":1,"featured_media":0,"parent":1927,"menu_order":0,"comment_status":"closed","ping_status":"closed","template":"","meta":{"footnotes":""},"class_list":["post-1413","page","type-page","status-publish","hentry"],"_links":{"self":[{"href":"https:\/\/harialanzarote.com\/es\/wp-json\/wp\/v2\/pages\/1413","targetHints":{"allow":["GET"]}}],"collection":[{"href":"https:\/\/harialanzarote.com\/es\/wp-json\/wp\/v2\/pages"}],"about":[{"href":"https:\/\/harialanzarote.com\/es\/wp-json\/wp\/v2\/types\/page"}],"author":[{"embeddable":true,"href":"https:\/\/harialanzarote.com\/es\/wp-json\/wp\/v2\/users\/1"}],"replies":[{"embeddable":true,"href":"https:\/\/harialanzarote.com\/es\/wp-json\/wp\/v2\/comments?post=1413"}],"version-history":[{"count":2,"href":"https:\/\/harialanzarote.com\/es\/wp-json\/wp\/v2\/pages\/1413\/revisions"}],"predecessor-version":[{"id":1416,"href":"https:\/\/harialanzarote.com\/es\/wp-json\/wp\/v2\/pages\/1413\/revisions\/1416"}],"up":[{"embeddable":true,"href":"https:\/\/harialanzarote.com\/es\/wp-json\/wp\/v2\/pages\/1927"}],"wp:attachment":[{"href":"https:\/\/harialanzarote.com\/es\/wp-json\/wp\/v2\/media?parent=1413"}],"curies":[{"name":"wp","href":"https:\/\/api.w.org\/{rel}","templated":true}]}}