{"id":1410,"date":"2025-07-07T11:27:58","date_gmt":"2025-07-07T10:27:58","guid":{"rendered":"https:\/\/harialanzarote.com\/?page_id=1410"},"modified":"2025-08-04T13:54:29","modified_gmt":"2025-08-04T12:54:29","slug":"35-rascapintina-fagonia-cretica-l","status":"publish","type":"page","link":"https:\/\/harialanzarote.com\/es\/garden-2\/species-of-flora\/native-to-canary-islands-macaronesia-northwest-africa\/35-rascapintina-fagonia-cretica-l\/","title":{"rendered":"35. Rascapintina (Fagonia cretica L.)"},"content":{"rendered":"<p>Nativa de las Islas Canarias, Macaronesia y el noroeste de \u00c1frica.<\/p>\n\n\n\n<p>Zygophyllaceae &#8211; fagonia<\/p>\n\n\n\n<p>Florece todo el a\u00f1o&nbsp;<\/p>\n\n\n\n<p>Planta fina y ramificada que crece cerca del suelo o unida a otras plantas, con pares de tres hojas peque\u00f1as, ovaladas y peludas, unidas a tallos, que sostienen peque\u00f1as flores de cinco p\u00e9talos magenta. En la medicina tradicional se utiliza para reducir los niveles de az\u00facar en la sangre y como forraje para cabras y camellos.<\/p>\n\n\n\n<figure class=\"wp-block-image size-large is-resized\"><img loading=\"lazy\" decoding=\"async\" width=\"1024\" height=\"456\" src=\"https:\/\/harialanzarote.com\/wp-content\/uploads\/2025\/07\/35.rascaptina-1024x456.jpg\" alt=\"\" class=\"wp-image-1411\" style=\"width:1200px;height:auto\" srcset=\"https:\/\/harialanzarote.com\/wp-content\/uploads\/2025\/07\/35.rascaptina-1024x456.jpg 1024w, https:\/\/harialanzarote.com\/wp-content\/uploads\/2025\/07\/35.rascaptina-300x134.jpg 300w, https:\/\/harialanzarote.com\/wp-content\/uploads\/2025\/07\/35.rascaptina-768x342.jpg 768w, https:\/\/harialanzarote.com\/wp-content\/uploads\/2025\/07\/35.rascaptina-18x8.jpg 18w, https:\/\/harialanzarote.com\/wp-content\/uploads\/2025\/07\/35.rascaptina.jpg 1123w\" sizes=\"auto, (max-width: 1024px) 100vw, 1024px\" \/><\/figure>","protected":false},"excerpt":{"rendered":"<p>Native to Canary Islands Zygophyllaceae &#8211; fagonia Flowers all year&nbsp; Fine, branching plant that lays close to the ground or attached to other plants, with pairs of 3 small, oval and hairy leaves attached to stalks, supporting small flowers with 5 magenta petals. In traditional medicine it is used to lower blood sugar levels, and [&hellip;]<\/p>\n","protected":false},"author":1,"featured_media":0,"parent":1927,"menu_order":0,"comment_status":"closed","ping_status":"closed","template":"","meta":{"footnotes":""},"class_list":["post-1410","page","type-page","status-publish","hentry"],"_links":{"self":[{"href":"https:\/\/harialanzarote.com\/es\/wp-json\/wp\/v2\/pages\/1410","targetHints":{"allow":["GET"]}}],"collection":[{"href":"https:\/\/harialanzarote.com\/es\/wp-json\/wp\/v2\/pages"}],"about":[{"href":"https:\/\/harialanzarote.com\/es\/wp-json\/wp\/v2\/types\/page"}],"author":[{"embeddable":true,"href":"https:\/\/harialanzarote.com\/es\/wp-json\/wp\/v2\/users\/1"}],"replies":[{"embeddable":true,"href":"https:\/\/harialanzarote.com\/es\/wp-json\/wp\/v2\/comments?post=1410"}],"version-history":[{"count":1,"href":"https:\/\/harialanzarote.com\/es\/wp-json\/wp\/v2\/pages\/1410\/revisions"}],"predecessor-version":[{"id":1412,"href":"https:\/\/harialanzarote.com\/es\/wp-json\/wp\/v2\/pages\/1410\/revisions\/1412"}],"up":[{"embeddable":true,"href":"https:\/\/harialanzarote.com\/es\/wp-json\/wp\/v2\/pages\/1927"}],"wp:attachment":[{"href":"https:\/\/harialanzarote.com\/es\/wp-json\/wp\/v2\/media?parent=1410"}],"curies":[{"name":"wp","href":"https:\/\/api.w.org\/{rel}","templated":true}]}}