{"id":1394,"date":"2025-07-07T11:19:27","date_gmt":"2025-07-07T10:19:27","guid":{"rendered":"https:\/\/harialanzarote.com\/?page_id=1394"},"modified":"2025-08-04T13:50:46","modified_gmt":"2025-08-04T12:50:46","slug":"30-tasaigo-rubia-fruticosa-aiton","status":"publish","type":"page","link":"https:\/\/harialanzarote.com\/es\/garden-2\/species-of-flora\/native-to-canary-islands-macaronesia-northwest-africa\/30-tasaigo-rubia-fruticosa-aiton\/","title":{"rendered":"30. Tasaigo (Rubia fruticosa aiton)"},"content":{"rendered":"<p>Nativa de las Islas Canarias, Macaronesia y el noroeste de \u00c1frica.<\/p>\n\n\n\n<p>Rubiaceae &#8211; rubia<\/p>\n\n\n\n<p>Florece todo el a\u00f1o<\/p>\n\n\n\n<p>Arbusto le\u00f1oso de hasta 1 metro de altura y aroma arom\u00e1tico. Flores rosadas y hojas peque\u00f1as, lineales y carnosas. Contiene taninos y sales, y se puede utilizar para curar heridas externas.&nbsp;<\/p>\n\n\n\n<p>&gt; amenazado<\/p>\n\n\n\n<figure class=\"wp-block-image size-large is-resized\"><img loading=\"lazy\" decoding=\"async\" width=\"1024\" height=\"456\" src=\"https:\/\/harialanzarote.com\/wp-content\/uploads\/2025\/07\/30tasaigo-1024x456.jpg\" alt=\"\" class=\"wp-image-1395\" style=\"width:1200px;height:auto\" srcset=\"https:\/\/harialanzarote.com\/wp-content\/uploads\/2025\/07\/30tasaigo-1024x456.jpg 1024w, https:\/\/harialanzarote.com\/wp-content\/uploads\/2025\/07\/30tasaigo-300x134.jpg 300w, https:\/\/harialanzarote.com\/wp-content\/uploads\/2025\/07\/30tasaigo-768x342.jpg 768w, https:\/\/harialanzarote.com\/wp-content\/uploads\/2025\/07\/30tasaigo-18x8.jpg 18w, https:\/\/harialanzarote.com\/wp-content\/uploads\/2025\/07\/30tasaigo.jpg 1123w\" sizes=\"auto, (max-width: 1024px) 100vw, 1024px\" \/><\/figure>","protected":false},"excerpt":{"rendered":"<p>Native to Canary Islands Rubiaceae &#8211; rubia Flowers all year Woody shrub, grows up to 1 metre tall with aromatic scent. Pink flowers, small, linear fleshy leaves. Contains tannins and salts, can be used to heal external wounds.&nbsp; &gt; threatended<\/p>","protected":false},"author":1,"featured_media":0,"parent":1927,"menu_order":0,"comment_status":"closed","ping_status":"closed","template":"","meta":{"footnotes":""},"class_list":["post-1394","page","type-page","status-publish","hentry"],"_links":{"self":[{"href":"https:\/\/harialanzarote.com\/es\/wp-json\/wp\/v2\/pages\/1394","targetHints":{"allow":["GET"]}}],"collection":[{"href":"https:\/\/harialanzarote.com\/es\/wp-json\/wp\/v2\/pages"}],"about":[{"href":"https:\/\/harialanzarote.com\/es\/wp-json\/wp\/v2\/types\/page"}],"author":[{"embeddable":true,"href":"https:\/\/harialanzarote.com\/es\/wp-json\/wp\/v2\/users\/1"}],"replies":[{"embeddable":true,"href":"https:\/\/harialanzarote.com\/es\/wp-json\/wp\/v2\/comments?post=1394"}],"version-history":[{"count":1,"href":"https:\/\/harialanzarote.com\/es\/wp-json\/wp\/v2\/pages\/1394\/revisions"}],"predecessor-version":[{"id":1396,"href":"https:\/\/harialanzarote.com\/es\/wp-json\/wp\/v2\/pages\/1394\/revisions\/1396"}],"up":[{"embeddable":true,"href":"https:\/\/harialanzarote.com\/es\/wp-json\/wp\/v2\/pages\/1927"}],"wp:attachment":[{"href":"https:\/\/harialanzarote.com\/es\/wp-json\/wp\/v2\/media?parent=1394"}],"curies":[{"name":"wp","href":"https:\/\/api.w.org\/{rel}","templated":true}]}}