{"id":1353,"date":"2025-07-07T10:52:18","date_gmt":"2025-07-07T09:52:18","guid":{"rendered":"https:\/\/harialanzarote.com\/?page_id=1353"},"modified":"2025-08-04T13:35:20","modified_gmt":"2025-08-04T12:35:20","slug":"18-acebuche-olea-cerasiformis-rivas-mart-del-arco","status":"publish","type":"page","link":"https:\/\/harialanzarote.com\/es\/garden-2\/species-of-flora\/endemic-to-canary-islands\/18-acebuche-olea-cerasiformis-rivas-mart-del-arco\/","title":{"rendered":"18. Acebuche (Olea cerasiformis Rivas-Mart. &#038; del Arco)"},"content":{"rendered":"<p>End\u00e9mica de las Islas Canarias<\/p>\n\n\n\n<p>Oleaceae &#8211; lamiales<\/p>\n\n\n\n<p>Florece en abril-octubre<\/p>\n\n\n\n<p>Suele crecer hasta unos 2 metros, pero puede alcanzar los 6 metros de altura. Sus hojas son cori\u00e1ceas, brillantes y lanceoladas, con diminutas flores de color amarillo verdoso que se vuelven negras (aceitunas incomestibles). Sus hojas se utilizan en infusiones (con propiedades diur\u00e9ticas, hipogluc\u00e9micas e hipotensoras). Los ind\u00edgenas utilizaban su madera para fabricar armas defensivas, como el garrote conocido como \"tolete\". Hoy en d\u00eda, su madera se utiliza a veces para fabricar bastones.\u00a0<\/p>\n\n\n\n<p>&gt; vulnerable<\/p>\n\n\n\n<figure class=\"wp-block-image size-large is-resized\"><img loading=\"lazy\" decoding=\"async\" width=\"1024\" height=\"456\" src=\"https:\/\/harialanzarote.com\/wp-content\/uploads\/2025\/07\/18azebuche-1024x456.jpg\" alt=\"\" class=\"wp-image-1354\" style=\"width:1200px;height:auto\" srcset=\"https:\/\/harialanzarote.com\/wp-content\/uploads\/2025\/07\/18azebuche-1024x456.jpg 1024w, https:\/\/harialanzarote.com\/wp-content\/uploads\/2025\/07\/18azebuche-300x134.jpg 300w, https:\/\/harialanzarote.com\/wp-content\/uploads\/2025\/07\/18azebuche-768x342.jpg 768w, https:\/\/harialanzarote.com\/wp-content\/uploads\/2025\/07\/18azebuche-18x8.jpg 18w, https:\/\/harialanzarote.com\/wp-content\/uploads\/2025\/07\/18azebuche.jpg 1123w\" sizes=\"auto, (max-width: 1024px) 100vw, 1024px\" \/><\/figure>","protected":false},"excerpt":{"rendered":"<p>Endemic to Canary Islands Oleaceae &#8211; lamiales Flowers April-Oct Usually grows to around 2 metres, but can reach 6 metres tall. Leathery, glossy lanceolate leaves with tiny greenish-yellow flowers that become small black (inedible olives). Leaves used in infusions (diuretic, hypoglycaemic and hypotensive properties). Wood was used by indigenous people for defensive weapons, including the [&hellip;]<\/p>\n","protected":false},"author":1,"featured_media":0,"parent":1912,"menu_order":0,"comment_status":"closed","ping_status":"closed","template":"","meta":{"footnotes":""},"class_list":["post-1353","page","type-page","status-publish","hentry"],"_links":{"self":[{"href":"https:\/\/harialanzarote.com\/es\/wp-json\/wp\/v2\/pages\/1353","targetHints":{"allow":["GET"]}}],"collection":[{"href":"https:\/\/harialanzarote.com\/es\/wp-json\/wp\/v2\/pages"}],"about":[{"href":"https:\/\/harialanzarote.com\/es\/wp-json\/wp\/v2\/types\/page"}],"author":[{"embeddable":true,"href":"https:\/\/harialanzarote.com\/es\/wp-json\/wp\/v2\/users\/1"}],"replies":[{"embeddable":true,"href":"https:\/\/harialanzarote.com\/es\/wp-json\/wp\/v2\/comments?post=1353"}],"version-history":[{"count":2,"href":"https:\/\/harialanzarote.com\/es\/wp-json\/wp\/v2\/pages\/1353\/revisions"}],"predecessor-version":[{"id":1356,"href":"https:\/\/harialanzarote.com\/es\/wp-json\/wp\/v2\/pages\/1353\/revisions\/1356"}],"up":[{"embeddable":true,"href":"https:\/\/harialanzarote.com\/es\/wp-json\/wp\/v2\/pages\/1912"}],"wp:attachment":[{"href":"https:\/\/harialanzarote.com\/es\/wp-json\/wp\/v2\/media?parent=1353"}],"curies":[{"name":"wp","href":"https:\/\/api.w.org\/{rel}","templated":true}]}}