{"id":1332,"date":"2025-07-07T10:50:48","date_gmt":"2025-07-07T09:50:48","guid":{"rendered":"https:\/\/harialanzarote.com\/?page_id=1332"},"modified":"2025-08-04T13:28:02","modified_gmt":"2025-08-04T12:28:02","slug":"11-cerrajon-de-risco-sonchus-pinnatifidus-cav-var-pinnatifidus-var-integrifolius-g-kunkel","status":"publish","type":"page","link":"https:\/\/harialanzarote.com\/es\/garden-2\/species-of-flora\/endemic-to-lanzarote-fuerteventura\/11-cerrajon-de-risco-sonchus-pinnatifidus-cav-var-pinnatifidus-var-integrifolius-g-kunkel\/","title":{"rendered":"11. Cerraj\u00f3n de risco (Sonchus pinnatifidus Cav.var. pinnatifidus var. integrifolius G. Kunkel)"},"content":{"rendered":"<p>End\u00e9mico de Lanzarote y Fuerteventura<\/p>\n\n\n\n<p>Asteraceae (Compositae) &#8211; sonchus<\/p>\n\n\n\n<p>Florece de noviembre a agosto<\/p>\n\n\n\n<p>Puede crecer hasta 1,5 m con coronas de hojas dentadas y flores amarillas de diente de le\u00f3n, similar a un peque\u00f1o \u00e1rbol de diente de le\u00f3n. Tambi\u00e9n se encuentra en Marruecos. Las especies de diente de le\u00f3n tienen muchas propiedades medicinales. Las cabras disfrutan de sus hojas.&nbsp;<\/p>\n\n\n\n<p>&gt; vulnerable<\/p>\n\n\n\n<figure class=\"wp-block-image size-large is-resized\"><img loading=\"lazy\" decoding=\"async\" width=\"1024\" height=\"456\" src=\"https:\/\/harialanzarote.com\/wp-content\/uploads\/2025\/07\/11sonchus-1024x456.jpg\" alt=\"\" class=\"wp-image-1333\" style=\"width:1200px;height:auto\" srcset=\"https:\/\/harialanzarote.com\/wp-content\/uploads\/2025\/07\/11sonchus-1024x456.jpg 1024w, https:\/\/harialanzarote.com\/wp-content\/uploads\/2025\/07\/11sonchus-300x134.jpg 300w, https:\/\/harialanzarote.com\/wp-content\/uploads\/2025\/07\/11sonchus-768x342.jpg 768w, https:\/\/harialanzarote.com\/wp-content\/uploads\/2025\/07\/11sonchus-18x8.jpg 18w, https:\/\/harialanzarote.com\/wp-content\/uploads\/2025\/07\/11sonchus.jpg 1123w\" sizes=\"auto, (max-width: 1024px) 100vw, 1024px\" \/><\/figure>","protected":false},"excerpt":{"rendered":"<p>Endemic to Lanzarote &amp; Fuerteventura Asteraceae (Compositae) &#8211; sonchus Flowers Nov-Aug Can grow up to 1.5m with crowns of toothy leaves and yellow dandelion flowers, resembling a small dandelion tree. Also found in Morocco. Dandelion species have many medicinal properties. Goats enjoy the leaves.&nbsp; &gt; vulnerable<\/p>","protected":false},"author":1,"featured_media":0,"parent":1904,"menu_order":0,"comment_status":"closed","ping_status":"closed","template":"","meta":{"footnotes":""},"class_list":["post-1332","page","type-page","status-publish","hentry"],"_links":{"self":[{"href":"https:\/\/harialanzarote.com\/es\/wp-json\/wp\/v2\/pages\/1332","targetHints":{"allow":["GET"]}}],"collection":[{"href":"https:\/\/harialanzarote.com\/es\/wp-json\/wp\/v2\/pages"}],"about":[{"href":"https:\/\/harialanzarote.com\/es\/wp-json\/wp\/v2\/types\/page"}],"author":[{"embeddable":true,"href":"https:\/\/harialanzarote.com\/es\/wp-json\/wp\/v2\/users\/1"}],"replies":[{"embeddable":true,"href":"https:\/\/harialanzarote.com\/es\/wp-json\/wp\/v2\/comments?post=1332"}],"version-history":[{"count":1,"href":"https:\/\/harialanzarote.com\/es\/wp-json\/wp\/v2\/pages\/1332\/revisions"}],"predecessor-version":[{"id":1334,"href":"https:\/\/harialanzarote.com\/es\/wp-json\/wp\/v2\/pages\/1332\/revisions\/1334"}],"up":[{"embeddable":true,"href":"https:\/\/harialanzarote.com\/es\/wp-json\/wp\/v2\/pages\/1904"}],"wp:attachment":[{"href":"https:\/\/harialanzarote.com\/es\/wp-json\/wp\/v2\/media?parent=1332"}],"curies":[{"name":"wp","href":"https:\/\/api.w.org\/{rel}","templated":true}]}}