{"id":1319,"date":"2025-07-07T10:50:34","date_gmt":"2025-07-07T09:50:34","guid":{"rendered":"https:\/\/harialanzarote.com\/?page_id=1319"},"modified":"2025-08-04T13:28:23","modified_gmt":"2025-08-04T12:28:23","slug":"10-esparraguera-majorera-asparagus-nesiotes-svent-subsp-purpuriensis-marrero-et-ramos","status":"publish","type":"page","link":"https:\/\/harialanzarote.com\/es\/garden-2\/species-of-flora\/endemic-to-lanzarote-fuerteventura\/10-esparraguera-majorera-asparagus-nesiotes-svent-subsp-purpuriensis-marrero-et-ramos\/","title":{"rendered":"10. Esparraguera majorera (Asparagus nesiotes Svent. subsp. purpuriensis Marrero et Ramos)"},"content":{"rendered":"<p>End\u00e9mico de Lanzarote y Fuerteventura<\/p>\n\n\n\n<p>Asparagaceae &#8211; asparagus<\/p>\n\n\n\n<p>Flores de mayo a octubre<\/p>\n\n\n\n<p>Arbusto le\u00f1oso y extenso con ramas finas y hojas aciculares. Flores blancas con un aroma intenso y agradable, que se transforman en peque\u00f1as bayas verdes y rojas. El esp\u00e1rrago tiene propiedades diur\u00e9ticas, depurativas y purificantes. Los brotes tiernos se pueden consumir en ensaladas.&nbsp;<\/p>\n\n\n\n<p>&gt; amenazado<\/p>\n\n\n\n<figure class=\"wp-block-image size-large is-resized\"><img loading=\"lazy\" decoding=\"async\" width=\"1024\" height=\"456\" src=\"https:\/\/harialanzarote.com\/wp-content\/uploads\/2025\/07\/10nesiotes-1024x456.jpg\" alt=\"\" class=\"wp-image-1320\" style=\"width:1200px;height:auto\" srcset=\"https:\/\/harialanzarote.com\/wp-content\/uploads\/2025\/07\/10nesiotes-1024x456.jpg 1024w, https:\/\/harialanzarote.com\/wp-content\/uploads\/2025\/07\/10nesiotes-300x134.jpg 300w, https:\/\/harialanzarote.com\/wp-content\/uploads\/2025\/07\/10nesiotes-768x342.jpg 768w, https:\/\/harialanzarote.com\/wp-content\/uploads\/2025\/07\/10nesiotes-18x8.jpg 18w, https:\/\/harialanzarote.com\/wp-content\/uploads\/2025\/07\/10nesiotes.jpg 1123w\" sizes=\"auto, (max-width: 1024px) 100vw, 1024px\" \/><\/figure>","protected":false},"excerpt":{"rendered":"<p>Endemic to Lanzarote &amp; Fuerteventura Asparagaceae &#8211; asparagus Flowers May-Oct Sprawling woody bush with fine branches and needle-like leaves, white flowers with strong pleasant scent, turning to small green and red berries. Asparagus has diuretic properties, cleansing, purifying. Young shoots can be eaten in salads.&nbsp; &gt; threatened<\/p>","protected":false},"author":1,"featured_media":0,"parent":1904,"menu_order":0,"comment_status":"closed","ping_status":"closed","template":"","meta":{"footnotes":""},"class_list":["post-1319","page","type-page","status-publish","hentry"],"_links":{"self":[{"href":"https:\/\/harialanzarote.com\/es\/wp-json\/wp\/v2\/pages\/1319","targetHints":{"allow":["GET"]}}],"collection":[{"href":"https:\/\/harialanzarote.com\/es\/wp-json\/wp\/v2\/pages"}],"about":[{"href":"https:\/\/harialanzarote.com\/es\/wp-json\/wp\/v2\/types\/page"}],"author":[{"embeddable":true,"href":"https:\/\/harialanzarote.com\/es\/wp-json\/wp\/v2\/users\/1"}],"replies":[{"embeddable":true,"href":"https:\/\/harialanzarote.com\/es\/wp-json\/wp\/v2\/comments?post=1319"}],"version-history":[{"count":1,"href":"https:\/\/harialanzarote.com\/es\/wp-json\/wp\/v2\/pages\/1319\/revisions"}],"predecessor-version":[{"id":1321,"href":"https:\/\/harialanzarote.com\/es\/wp-json\/wp\/v2\/pages\/1319\/revisions\/1321"}],"up":[{"embeddable":true,"href":"https:\/\/harialanzarote.com\/es\/wp-json\/wp\/v2\/pages\/1904"}],"wp:attachment":[{"href":"https:\/\/harialanzarote.com\/es\/wp-json\/wp\/v2\/media?parent=1319"}],"curies":[{"name":"wp","href":"https:\/\/api.w.org\/{rel}","templated":true}]}}