{"id":1301,"date":"2025-07-07T10:53:02","date_gmt":"2025-07-07T09:53:02","guid":{"rendered":"https:\/\/harialanzarote.com\/?page_id=1301"},"modified":"2025-08-04T13:22:22","modified_gmt":"2025-08-04T12:22:22","slug":"5-pulguera-pulicaria-purpuraria-pulicaria-canariensis-bolle-subsp-lanata","status":"publish","type":"page","link":"https:\/\/harialanzarote.com\/es\/garden-2\/species-of-flora\/endemic-to-lanzarote\/5-pulguera-pulicaria-purpuraria-pulicaria-canariensis-bolle-subsp-lanata\/","title":{"rendered":"5. Pulguera\/Pulicaria purpuraria (Pulicaria canariensis Bolle subsp.lanata)"},"content":{"rendered":"<p>End\u00e9mico de Lanzarote<\/p>\n\n\n\n<p>Asteraceae &#8211; Pulicaria<\/p>\n\n\n\n<p>Florece de diciembre a agosto<\/p>\n\n\n\n<p>Numerosas flores amarillas con p\u00e9talos largos y finos. Hojas verdes ligeramente peludas sobre una base le\u00f1osa. Tradicionalmente se prepara en infusi\u00f3n.&nbsp;<\/p>\n\n\n\n<p>&gt; amenazado<\/p>\n\n\n\n<figure class=\"wp-block-image size-large is-resized\"><img loading=\"lazy\" decoding=\"async\" width=\"1024\" height=\"455\" src=\"https:\/\/harialanzarote.com\/wp-content\/uploads\/2025\/07\/5.-pulgueria-1024x455.jpg\" alt=\"\" class=\"wp-image-1302\" style=\"width:1200px;height:auto\" srcset=\"https:\/\/harialanzarote.com\/wp-content\/uploads\/2025\/07\/5.-pulgueria-1024x455.jpg 1024w, https:\/\/harialanzarote.com\/wp-content\/uploads\/2025\/07\/5.-pulgueria-300x133.jpg 300w, https:\/\/harialanzarote.com\/wp-content\/uploads\/2025\/07\/5.-pulgueria-768x341.jpg 768w, https:\/\/harialanzarote.com\/wp-content\/uploads\/2025\/07\/5.-pulgueria-18x8.jpg 18w, https:\/\/harialanzarote.com\/wp-content\/uploads\/2025\/07\/5.-pulgueria.jpg 1126w\" sizes=\"auto, (max-width: 1024px) 100vw, 1024px\" \/><\/figure>\n\n\n\n<p><\/p>","protected":false},"excerpt":{"rendered":"<p>Endemic to Lanzarote Asteraceae &#8211; Pulicaria Flowers Dec-Aug Many yellow flowers with long, fine petals. Slightly furry green leaves on a woody base. Traditionally prepared as an infusion.&nbsp; &gt; threatened<\/p>","protected":false},"author":1,"featured_media":0,"parent":1880,"menu_order":0,"comment_status":"closed","ping_status":"closed","template":"","meta":{"footnotes":""},"class_list":["post-1301","page","type-page","status-publish","hentry"],"_links":{"self":[{"href":"https:\/\/harialanzarote.com\/es\/wp-json\/wp\/v2\/pages\/1301","targetHints":{"allow":["GET"]}}],"collection":[{"href":"https:\/\/harialanzarote.com\/es\/wp-json\/wp\/v2\/pages"}],"about":[{"href":"https:\/\/harialanzarote.com\/es\/wp-json\/wp\/v2\/types\/page"}],"author":[{"embeddable":true,"href":"https:\/\/harialanzarote.com\/es\/wp-json\/wp\/v2\/users\/1"}],"replies":[{"embeddable":true,"href":"https:\/\/harialanzarote.com\/es\/wp-json\/wp\/v2\/comments?post=1301"}],"version-history":[{"count":2,"href":"https:\/\/harialanzarote.com\/es\/wp-json\/wp\/v2\/pages\/1301\/revisions"}],"predecessor-version":[{"id":1326,"href":"https:\/\/harialanzarote.com\/es\/wp-json\/wp\/v2\/pages\/1301\/revisions\/1326"}],"up":[{"embeddable":true,"href":"https:\/\/harialanzarote.com\/es\/wp-json\/wp\/v2\/pages\/1880"}],"wp:attachment":[{"href":"https:\/\/harialanzarote.com\/es\/wp-json\/wp\/v2\/media?parent=1301"}],"curies":[{"name":"wp","href":"https:\/\/api.w.org\/{rel}","templated":true}]}}