{"id":1261,"date":"2025-07-06T14:32:07","date_gmt":"2025-07-06T13:32:07","guid":{"rendered":"https:\/\/harialanzarote.com\/?page_id=1261"},"modified":"2025-08-15T11:15:26","modified_gmt":"2025-08-15T10:15:26","slug":"garden-2","status":"publish","type":"page","link":"https:\/\/harialanzarote.com\/es\/garden-2\/","title":{"rendered":"Jard\u00edn"},"content":{"rendered":"<p>Las plantas que han sobrevivido en esta isla desierta desde que emergi\u00f3 del fondo del oc\u00e9ano Atl\u00e1ntico a trav\u00e9s de una serie de erupciones volc\u00e1nicas son la base de un ecosistema \u00fanico. Har\u00eda es un poco m\u00e1s fresco y h\u00famedo que el sur de la isla y alberga la mayor parte de nuestra flora rara. Con una precipitaci\u00f3n anual similar a la del cercano Sahara, Lanzarote es una verdadera isla desierta. A pesar de esto, tenemos m\u00e1s plantas nativas \u00fanicas que cualquier otra isla canaria; las duras condiciones pueden impulsar la evoluci\u00f3n. La mayor\u00eda de las especies aqu\u00ed est\u00e1n en peligro de extinci\u00f3n, categorizadas como <a href=\"https:\/\/www.iucnredlist.org\/about\/background-history\">\u2018Red-List\u2019<\/a>. Muchas de nuestras plantas nativas descienden de especies mediterr\u00e1neas que perecieron durante la \u00faltima edad de hielo.&nbsp;<\/p>\n\n\n\n<figure class=\"wp-block-image size-full is-resized\"><img loading=\"lazy\" decoding=\"async\" width=\"1000\" height=\"669\" src=\"https:\/\/harialanzarote.com\/wp-content\/uploads\/2025\/07\/butterfly.jpg\" alt=\"\" class=\"wp-image-1450\" style=\"width:1200px;height:auto\" srcset=\"https:\/\/harialanzarote.com\/wp-content\/uploads\/2025\/07\/butterfly.jpg 1000w, https:\/\/harialanzarote.com\/wp-content\/uploads\/2025\/07\/butterfly-300x201.jpg 300w, https:\/\/harialanzarote.com\/wp-content\/uploads\/2025\/07\/butterfly-768x514.jpg 768w, https:\/\/harialanzarote.com\/wp-content\/uploads\/2025\/07\/butterfly-18x12.jpg 18w\" sizes=\"auto, (max-width: 1000px) 100vw, 1000px\" \/><\/figure>\n\n\n\n<p>El jard\u00edn est\u00e1 atravesado por caminos que serpentean a lo largo de sus terrenos largos y sinuosos que suben y bajan en diferentes niveles, navegando desde \u00e1reas sombreadas de <a href=\"https:\/\/harialanzarote.com\/garden-2\/species-of-flora\/trees\/\" data-type=\"link\" data-id=\"https:\/\/harialanzarote.com\/garden-2\/species-of-flora\/trees\/\">\u00e1rboles<\/a> a vistas, grutas y <a href=\"https:\/\/harialanzarote.com\/garden-2\/the-pond\/\" data-type=\"link\" data-id=\"https:\/\/harialanzarote.com\/garden-2\/the-pond\/\">estanques.<\/a>La <a href=\"https:\/\/harialanzarote.com\/garden-2\/history-of-a-re-wilded-garden\/\" data-type=\"link\" data-id=\"https:\/\/harialanzarote.com\/garden-2\/history-of-a-re-wilded-garden\/\">historia del jard\u00edn<\/a> ha dado como resultado un paisaje que ha evolucionado gradualmente durante las \u00faltimas cuatro d\u00e9cadas, con especies introducidas gradualmente a trav\u00e9s de mucho ensayo y error, empleando un enfoque de re-salvaje, donde las especies eventualmente deben establecerse con poca ayuda de nuestra parte, dando lugar a un ecosistema que pertenece a este paisaje.<\/p>\n\n\n\n<figure class=\"wp-block-image size-full\"><img loading=\"lazy\" decoding=\"async\" width=\"1024\" height=\"768\" src=\"https:\/\/harialanzarote.com\/wp-content\/uploads\/2022\/10\/7-1.jpg\" alt=\"\" class=\"wp-image-599\" srcset=\"https:\/\/harialanzarote.com\/wp-content\/uploads\/2022\/10\/7-1.jpg 1024w, https:\/\/harialanzarote.com\/wp-content\/uploads\/2022\/10\/7-1-300x225.jpg 300w, https:\/\/harialanzarote.com\/wp-content\/uploads\/2022\/10\/7-1-768x576.jpg 768w\" sizes=\"auto, (max-width: 1024px) 100vw, 1024px\" \/><figcaption class=\"wp-element-caption\"><a href=\"https:\/\/harialanzarote.com\/garden-2\/species-of-flora\/endemic-to-lanzarote\/1-bejeque-farrobo-aeonium-balsamiferum-webb-berthel\/\" data-type=\"link\" data-id=\"https:\/\/harialanzarote.com\/garden-2\/species-of-flora\/endemic-to-lanzarote\/1-bejeque-farrobo-aeonium-balsamiferum-webb-berthel\/\">Aeonium<\/a>-camino cercado en primavera<\/figcaption><\/figure>\n\n\n\n<p>Cada especie de planta proporciona alimento y h\u00e1bitat a una variedad de insectos, que a su vez alimentan a reptiles y aves. Tras evolucionar durante cuatro millones de a\u00f1os para adaptarse a las condiciones locales, toleran el viento, el calor y la aridez de Lanzarote mejor que la mayor\u00eda de las alternativas importadas. Mientras la gente lucha por mantener vivas sus rosas ex\u00f3ticas en Lanzarote, este jard\u00edn florece y se mantiene verde durante todo el a\u00f1o con un cuidado m\u00ednimo. A pesar de que muchas de las especies end\u00e9micas de Lanzarote est\u00e1n en peligro de extinci\u00f3n, y como en todas las Islas Canarias, las plantas aut\u00f3ctonas son muy f\u00e1ciles de cultivar y pueden ser incre\u00edblemente hermosas. Protegidas de las cabras, estas plantas pueden desarrollarse mucho m\u00e1s all\u00e1 de los ejemplares atrofiados que se encuentran en la naturaleza, alcanzando las formas m\u00e1s espectaculares. Muchas tienen propiedades medicinales, como bien saben los canarios gracias a la larga tradici\u00f3n de la medicina herbal basada en sus plantas \u00fanicas.\u00a0<\/p>\n\n\n\n<figure class=\"wp-block-image size-full\"><img loading=\"lazy\" decoding=\"async\" width=\"1000\" height=\"669\" src=\"https:\/\/harialanzarote.com\/wp-content\/uploads\/2025\/07\/malpais.jpg\" alt=\"\" class=\"wp-image-1451\" srcset=\"https:\/\/harialanzarote.com\/wp-content\/uploads\/2025\/07\/malpais.jpg 1000w, https:\/\/harialanzarote.com\/wp-content\/uploads\/2025\/07\/malpais-300x201.jpg 300w, https:\/\/harialanzarote.com\/wp-content\/uploads\/2025\/07\/malpais-768x514.jpg 768w, https:\/\/harialanzarote.com\/wp-content\/uploads\/2025\/07\/malpais-18x12.jpg 18w\" sizes=\"auto, (max-width: 1000px) 100vw, 1000px\" \/><figcaption class=\"wp-element-caption\">Una flor end\u00e9mica<a href=\"https:\/\/harialanzarote.com\/garden-2\/species-of-flora\/endemic-to-lanzarote\/2-bejeque-de-malpais-aeonium-lancerottense-praeger\/\" data-type=\"link\" data-id=\"https:\/\/harialanzarote.com\/garden-2\/species-of-flora\/endemic-to-lanzarote\/2-bejeque-de-malpais-aeonium-lancerottense-praeger\/\"> Bejeque de Malpa\u00eds<\/a><\/figcaption><\/figure>\n\n\n\n<figure class=\"wp-block-image size-large\"><img loading=\"lazy\" decoding=\"async\" width=\"768\" height=\"1024\" src=\"https:\/\/harialanzarote.com\/wp-content\/uploads\/2025\/08\/uuid7FABA28F-5D4F-4205-8387-2AF2F1C91758code001library1type1mode2loctruecaptrue-768x1024.jpeg\" alt=\"\" class=\"wp-image-2066\" srcset=\"https:\/\/harialanzarote.com\/wp-content\/uploads\/2025\/08\/uuid7FABA28F-5D4F-4205-8387-2AF2F1C91758code001library1type1mode2loctruecaptrue-768x1024.jpeg 768w, https:\/\/harialanzarote.com\/wp-content\/uploads\/2025\/08\/uuid7FABA28F-5D4F-4205-8387-2AF2F1C91758code001library1type1mode2loctruecaptrue-225x300.jpeg 225w, https:\/\/harialanzarote.com\/wp-content\/uploads\/2025\/08\/uuid7FABA28F-5D4F-4205-8387-2AF2F1C91758code001library1type1mode2loctruecaptrue-1152x1536.jpeg 1152w, https:\/\/harialanzarote.com\/wp-content\/uploads\/2025\/08\/uuid7FABA28F-5D4F-4205-8387-2AF2F1C91758code001library1type1mode2loctruecaptrue-1536x2048.jpeg 1536w, https:\/\/harialanzarote.com\/wp-content\/uploads\/2025\/08\/uuid7FABA28F-5D4F-4205-8387-2AF2F1C91758code001library1type1mode2loctruecaptrue-9x12.jpeg 9w, https:\/\/harialanzarote.com\/wp-content\/uploads\/2025\/08\/uuid7FABA28F-5D4F-4205-8387-2AF2F1C91758code001library1type1mode2loctruecaptrue-scaled.jpeg 1920w\" sizes=\"auto, (max-width: 768px) 100vw, 768px\" \/><figcaption class=\"wp-element-caption\">Una de las muchas vasijas de cer\u00e1mica tradicionales canarias realizadas por un artista local <a href=\"https:\/\/www.instagram.com\/ceramica.tradicional.lanzarote\/\" data-type=\"link\" data-id=\"https:\/\/www.instagram.com\/ceramica.tradicional.lanzarote\/\">Chiche<\/a>e.<\/figcaption><\/figure>\n\n\n\n<p>Alrededor del jard\u00edn se han dispuesto zonas de sombra con peque\u00f1os patios para que los visitantes se sienten y disfruten de los diferentes espacios. Hay numerosas vasijas de cer\u00e1mica tradicional canaria creadas por el artista local <a href=\"https:\/\/www.instagram.com\/ceramica.tradicional.lanzarote\/\" data-type=\"link\" data-id=\"https:\/\/www.instagram.com\/ceramica.tradicional.lanzarote\/\">Chiche<\/a>, junto a otras esculturas y obras de arte realizadas in situ por amigos y artistas visitantes. <\/p>","protected":false},"excerpt":{"rendered":"<p>The plants that have survived on this desert island since it emerged from the floor of the Atlantic Ocean through a series of volcanic eruptions, are the basis of a unique ecosystem. Haria is a little cooler and wetter than the south of the island and is home to most of our rare flora. With [&hellip;]<\/p>\n","protected":false},"author":1,"featured_media":1941,"parent":0,"menu_order":0,"comment_status":"closed","ping_status":"closed","template":"","meta":{"footnotes":""},"class_list":["post-1261","page","type-page","status-publish","has-post-thumbnail","hentry"],"_links":{"self":[{"href":"https:\/\/harialanzarote.com\/es\/wp-json\/wp\/v2\/pages\/1261","targetHints":{"allow":["GET"]}}],"collection":[{"href":"https:\/\/harialanzarote.com\/es\/wp-json\/wp\/v2\/pages"}],"about":[{"href":"https:\/\/harialanzarote.com\/es\/wp-json\/wp\/v2\/types\/page"}],"author":[{"embeddable":true,"href":"https:\/\/harialanzarote.com\/es\/wp-json\/wp\/v2\/users\/1"}],"replies":[{"embeddable":true,"href":"https:\/\/harialanzarote.com\/es\/wp-json\/wp\/v2\/comments?post=1261"}],"version-history":[{"count":14,"href":"https:\/\/harialanzarote.com\/es\/wp-json\/wp\/v2\/pages\/1261\/revisions"}],"predecessor-version":[{"id":2077,"href":"https:\/\/harialanzarote.com\/es\/wp-json\/wp\/v2\/pages\/1261\/revisions\/2077"}],"wp:featuredmedia":[{"embeddable":true,"href":"https:\/\/harialanzarote.com\/es\/wp-json\/wp\/v2\/media\/1941"}],"wp:attachment":[{"href":"https:\/\/harialanzarote.com\/es\/wp-json\/wp\/v2\/media?parent=1261"}],"curies":[{"name":"wp","href":"https:\/\/api.w.org\/{rel}","templated":true}]}}